{"id":1367,"date":"2020-10-05T13:27:32","date_gmt":"2020-10-05T11:27:32","guid":{"rendered":"http:\/\/wewnnymyrb.cyon.link\/kompetenzen\/entwicklung\/case-study-technic\/"},"modified":"2020-10-05T13:27:32","modified_gmt":"2020-10-05T11:27:32","slug":"case-study-technic","status":"publish","type":"page","link":"https:\/\/www.bachmann-kunststoff-verpackungen.ch\/en\/competencies\/case-study\/case-study-technic\/","title":{"rendered":"Case Study Technic"},"content":{"rendered":"<div id=\"pl-1367\"  class=\"panel-layout\" ><div id=\"pg-1367-0\"  class=\"panel-grid panel-has-style\" ><div data-iw-animation-delay=\"\" data-iw-animation-position=\"\" class=\"panel-row-style panel-row-style-for-1367-0\" ><div id=\"pgc-1367-0-0\"  class=\"panel-grid-cell\" ><div id=\"panel-1367-0-0-0\" class=\"so-panel widget widget_sow-editor panel-first-child panel-last-child\" data-index=\"0\" ><div data-iw-animation-delay=\"\" data-iw-animation-position=\"\" class=\"panel-widget-style panel-widget-style-for-1367-0-0-0\" ><div\n\t\t\t\n\t\t\tclass=\"so-widget-sow-editor so-widget-sow-editor-base\"\n\t\t\t\n\t\t>\n<div class=\"siteorigin-widget-tinymce textwidget\">\n\t<p><strong>Die Entwicklung einer Verpackungsl\u00f6sung l\u00e4sst sich in folgende 6 Meilensteine unterteilen:<\/strong><\/p>\n<p>Step 1 Designvorschl\u00e4ge<br \/>\nStep 2 3D-Print<br \/>\nStep 3 Freigabe-Zeichnung<br \/>\nStep 4 Muster-Werkzeug<br \/>\nStep 5 Serie-Werkzeug<br \/>\nStep 6 Endprodukt<\/p>\n<\/div>\n<\/div><\/div><\/div><\/div><div id=\"pgc-1367-0-1\"  class=\"panel-grid-cell\" ><div id=\"panel-1367-0-1-0\" class=\"so-panel widget widget_sow-slider panel-first-child panel-last-child\" data-index=\"1\" ><div data-iw-animation-delay=\"\" data-iw-animation-position=\"\" class=\"panel-widget-style panel-widget-style-for-1367-0-1-0\" ><div\n\t\t\t\n\t\t\tclass=\"so-widget-sow-slider so-widget-sow-slider-default-6d39609536fd-1367\"\n\t\t\t\n\t\t>\t\t\t\t<div class=\"sow-slider-base\" style=\"display: none\" tabindex=\"0\">\n\t\t\t\t\t<ul\n\t\t\t\t\tclass=\"sow-slider-images\"\n\t\t\t\t\tdata-settings=\"{&quot;pagination&quot;:true,&quot;speed&quot;:800,&quot;timeout&quot;:8000,&quot;paused&quot;:true,&quot;pause_on_hover&quot;:false,&quot;swipe&quot;:true,&quot;nav_always_show_desktop&quot;:&quot;&quot;,&quot;nav_always_show_mobile&quot;:true,&quot;breakpoint&quot;:&quot;780px&quot;,&quot;unmute&quot;:false,&quot;anchor&quot;:null}\"\n\t\t\t\t\t\t\t\t\t\tdata-anchor-id=\"\"\n\t\t\t\t>\t\t<li class=\"sow-slider-image\" style=\"visibility: visible;\" >\n\t\t\t\t\t\t<div class=\"sow-slider-image-container\">\n\t\t\t\t<div class=\"sow-slider-image-wrapper\" style=\"max-width: 2049px\">\n\t\t\t\t\t\t\t\t\t\t<div class=\"sow-slider-image-foreground-wrapper\">\n\t\t\t\t\t\t<img loading=\"lazy\" decoding=\"async\" width=\"2049\" height=\"1500\" src=\"https:\/\/www.bachmann-kunststoff-verpackungen.ch\/wp-content\/uploads\/sites\/2\/Bachmann_Kunststoffverpackungen_Casestudy_Technic1_1_DesignVorschlag.jpg\" class=\"sow-slider-foreground-image\" alt=\"\" style=\"\" srcset=\"https:\/\/www.bachmann-kunststoff-verpackungen.ch\/wp-content\/uploads\/sites\/2\/Bachmann_Kunststoffverpackungen_Casestudy_Technic1_1_DesignVorschlag.jpg 2049w, https:\/\/www.bachmann-kunststoff-verpackungen.ch\/wp-content\/uploads\/sites\/2\/Bachmann_Kunststoffverpackungen_Casestudy_Technic1_1_DesignVorschlag-300x220.jpg 300w, https:\/\/www.bachmann-kunststoff-verpackungen.ch\/wp-content\/uploads\/sites\/2\/Bachmann_Kunststoffverpackungen_Casestudy_Technic1_1_DesignVorschlag-1024x750.jpg 1024w, https:\/\/www.bachmann-kunststoff-verpackungen.ch\/wp-content\/uploads\/sites\/2\/Bachmann_Kunststoffverpackungen_Casestudy_Technic1_1_DesignVorschlag-768x562.jpg 768w, https:\/\/www.bachmann-kunststoff-verpackungen.ch\/wp-content\/uploads\/sites\/2\/Bachmann_Kunststoffverpackungen_Casestudy_Technic1_1_DesignVorschlag-1536x1124.jpg 1536w\" sizes=\"auto, (max-width: 2049px) 100vw, 2049px\" \/>\t\t\t\t\t<\/div>\n\t\t\t\t\t\t\t\t\t<\/div>\n\t\t\t<\/div>\n\t\t\t\t\t<\/li>\n\t\t\t\t<li class=\"sow-slider-image\" style=\"visibility: hidden;\" >\n\t\t\t\t\t\t<div class=\"sow-slider-image-container\">\n\t\t\t\t<div class=\"sow-slider-image-wrapper\" style=\"max-width: 2049px\">\n\t\t\t\t\t\t\t\t\t\t<div class=\"sow-slider-image-foreground-wrapper\">\n\t\t\t\t\t\t<img loading=\"lazy\" decoding=\"async\" width=\"2049\" height=\"1500\" src=\"https:\/\/www.bachmann-kunststoff-verpackungen.ch\/wp-content\/uploads\/sites\/2\/Bachmann_Kunststoffverpackungen_Casestudy_Technic1_2_3DPrototyping.jpg\" class=\"sow-slider-foreground-image\" alt=\"\" style=\"\" srcset=\"https:\/\/www.bachmann-kunststoff-verpackungen.ch\/wp-content\/uploads\/sites\/2\/Bachmann_Kunststoffverpackungen_Casestudy_Technic1_2_3DPrototyping.jpg 2049w, https:\/\/www.bachmann-kunststoff-verpackungen.ch\/wp-content\/uploads\/sites\/2\/Bachmann_Kunststoffverpackungen_Casestudy_Technic1_2_3DPrototyping-300x220.jpg 300w, https:\/\/www.bachmann-kunststoff-verpackungen.ch\/wp-content\/uploads\/sites\/2\/Bachmann_Kunststoffverpackungen_Casestudy_Technic1_2_3DPrototyping-1024x750.jpg 1024w, https:\/\/www.bachmann-kunststoff-verpackungen.ch\/wp-content\/uploads\/sites\/2\/Bachmann_Kunststoffverpackungen_Casestudy_Technic1_2_3DPrototyping-768x562.jpg 768w, https:\/\/www.bachmann-kunststoff-verpackungen.ch\/wp-content\/uploads\/sites\/2\/Bachmann_Kunststoffverpackungen_Casestudy_Technic1_2_3DPrototyping-1536x1124.jpg 1536w\" sizes=\"auto, (max-width: 2049px) 100vw, 2049px\" \/>\t\t\t\t\t<\/div>\n\t\t\t\t\t\t\t\t\t<\/div>\n\t\t\t<\/div>\n\t\t\t\t\t<\/li>\n\t\t\t\t<li class=\"sow-slider-image\" style=\"visibility: hidden;\" >\n\t\t\t\t\t\t<div class=\"sow-slider-image-container\">\n\t\t\t\t<div class=\"sow-slider-image-wrapper\" style=\"max-width: 2049px\">\n\t\t\t\t\t\t\t\t\t\t<div class=\"sow-slider-image-foreground-wrapper\">\n\t\t\t\t\t\t<img loading=\"lazy\" decoding=\"async\" width=\"2049\" height=\"1500\" src=\"https:\/\/www.bachmann-kunststoff-verpackungen.ch\/wp-content\/uploads\/sites\/2\/Bachmann_Kunststoffverpackungen_Casestudy_Technic1_3_TechnischeZeichnung.jpg\" class=\"sow-slider-foreground-image\" alt=\"\" style=\"\" srcset=\"https:\/\/www.bachmann-kunststoff-verpackungen.ch\/wp-content\/uploads\/sites\/2\/Bachmann_Kunststoffverpackungen_Casestudy_Technic1_3_TechnischeZeichnung.jpg 2049w, https:\/\/www.bachmann-kunststoff-verpackungen.ch\/wp-content\/uploads\/sites\/2\/Bachmann_Kunststoffverpackungen_Casestudy_Technic1_3_TechnischeZeichnung-300x220.jpg 300w, https:\/\/www.bachmann-kunststoff-verpackungen.ch\/wp-content\/uploads\/sites\/2\/Bachmann_Kunststoffverpackungen_Casestudy_Technic1_3_TechnischeZeichnung-1024x750.jpg 1024w, https:\/\/www.bachmann-kunststoff-verpackungen.ch\/wp-content\/uploads\/sites\/2\/Bachmann_Kunststoffverpackungen_Casestudy_Technic1_3_TechnischeZeichnung-768x562.jpg 768w, https:\/\/www.bachmann-kunststoff-verpackungen.ch\/wp-content\/uploads\/sites\/2\/Bachmann_Kunststoffverpackungen_Casestudy_Technic1_3_TechnischeZeichnung-1536x1124.jpg 1536w\" sizes=\"auto, (max-width: 2049px) 100vw, 2049px\" \/>\t\t\t\t\t<\/div>\n\t\t\t\t\t\t\t\t\t<\/div>\n\t\t\t<\/div>\n\t\t\t\t\t<\/li>\n\t\t\t\t<li class=\"sow-slider-image\" style=\"visibility: hidden;\" >\n\t\t\t\t\t\t<div class=\"sow-slider-image-container\">\n\t\t\t\t<div class=\"sow-slider-image-wrapper\" style=\"max-width: 2049px\">\n\t\t\t\t\t\t\t\t\t\t<div class=\"sow-slider-image-foreground-wrapper\">\n\t\t\t\t\t\t<img loading=\"lazy\" decoding=\"async\" width=\"2049\" height=\"1500\" src=\"https:\/\/www.bachmann-kunststoff-verpackungen.ch\/wp-content\/uploads\/sites\/2\/Bachmann_Kunststoffverpackungen_Casestudy_Technic1_4_Musterwerkzeug.jpg\" class=\"sow-slider-foreground-image\" alt=\"\" style=\"\" srcset=\"https:\/\/www.bachmann-kunststoff-verpackungen.ch\/wp-content\/uploads\/sites\/2\/Bachmann_Kunststoffverpackungen_Casestudy_Technic1_4_Musterwerkzeug.jpg 2049w, https:\/\/www.bachmann-kunststoff-verpackungen.ch\/wp-content\/uploads\/sites\/2\/Bachmann_Kunststoffverpackungen_Casestudy_Technic1_4_Musterwerkzeug-300x220.jpg 300w, https:\/\/www.bachmann-kunststoff-verpackungen.ch\/wp-content\/uploads\/sites\/2\/Bachmann_Kunststoffverpackungen_Casestudy_Technic1_4_Musterwerkzeug-1024x750.jpg 1024w, https:\/\/www.bachmann-kunststoff-verpackungen.ch\/wp-content\/uploads\/sites\/2\/Bachmann_Kunststoffverpackungen_Casestudy_Technic1_4_Musterwerkzeug-768x562.jpg 768w, https:\/\/www.bachmann-kunststoff-verpackungen.ch\/wp-content\/uploads\/sites\/2\/Bachmann_Kunststoffverpackungen_Casestudy_Technic1_4_Musterwerkzeug-1536x1124.jpg 1536w\" sizes=\"auto, (max-width: 2049px) 100vw, 2049px\" \/>\t\t\t\t\t<\/div>\n\t\t\t\t\t\t\t\t\t<\/div>\n\t\t\t<\/div>\n\t\t\t\t\t<\/li>\n\t\t\t\t<li class=\"sow-slider-image\" style=\"visibility: hidden;\" >\n\t\t\t\t\t\t<div class=\"sow-slider-image-container\">\n\t\t\t\t<div class=\"sow-slider-image-wrapper\" style=\"max-width: 2049px\">\n\t\t\t\t\t\t\t\t\t\t<div class=\"sow-slider-image-foreground-wrapper\">\n\t\t\t\t\t\t<img loading=\"lazy\" decoding=\"async\" width=\"2049\" height=\"1500\" src=\"https:\/\/www.bachmann-kunststoff-verpackungen.ch\/wp-content\/uploads\/sites\/2\/Bachmann_Kunststoffverpackungen_Casestudy_Technic1_5_Seriewerkzeug.jpg\" class=\"sow-slider-foreground-image\" alt=\"\" style=\"\" srcset=\"https:\/\/www.bachmann-kunststoff-verpackungen.ch\/wp-content\/uploads\/sites\/2\/Bachmann_Kunststoffverpackungen_Casestudy_Technic1_5_Seriewerkzeug.jpg 2049w, https:\/\/www.bachmann-kunststoff-verpackungen.ch\/wp-content\/uploads\/sites\/2\/Bachmann_Kunststoffverpackungen_Casestudy_Technic1_5_Seriewerkzeug-300x220.jpg 300w, https:\/\/www.bachmann-kunststoff-verpackungen.ch\/wp-content\/uploads\/sites\/2\/Bachmann_Kunststoffverpackungen_Casestudy_Technic1_5_Seriewerkzeug-1024x750.jpg 1024w, https:\/\/www.bachmann-kunststoff-verpackungen.ch\/wp-content\/uploads\/sites\/2\/Bachmann_Kunststoffverpackungen_Casestudy_Technic1_5_Seriewerkzeug-768x562.jpg 768w, https:\/\/www.bachmann-kunststoff-verpackungen.ch\/wp-content\/uploads\/sites\/2\/Bachmann_Kunststoffverpackungen_Casestudy_Technic1_5_Seriewerkzeug-1536x1124.jpg 1536w\" sizes=\"auto, (max-width: 2049px) 100vw, 2049px\" \/>\t\t\t\t\t<\/div>\n\t\t\t\t\t\t\t\t\t<\/div>\n\t\t\t<\/div>\n\t\t\t\t\t<\/li>\n\t\t\t\t<li class=\"sow-slider-image\" style=\"visibility: hidden;\" >\n\t\t\t\t\t\t<div class=\"sow-slider-image-container\">\n\t\t\t\t<div class=\"sow-slider-image-wrapper\" style=\"max-width: 2049px\">\n\t\t\t\t\t\t\t\t\t\t<div class=\"sow-slider-image-foreground-wrapper\">\n\t\t\t\t\t\t<img loading=\"lazy\" decoding=\"async\" width=\"2049\" height=\"1500\" src=\"https:\/\/www.bachmann-kunststoff-verpackungen.ch\/wp-content\/uploads\/sites\/2\/Bachmann_Kunststoffverpackungen_Casestudy_Technic1_6_Endprodukt.jpg\" class=\"sow-slider-foreground-image\" alt=\"\" style=\"\" srcset=\"https:\/\/www.bachmann-kunststoff-verpackungen.ch\/wp-content\/uploads\/sites\/2\/Bachmann_Kunststoffverpackungen_Casestudy_Technic1_6_Endprodukt.jpg 2049w, https:\/\/www.bachmann-kunststoff-verpackungen.ch\/wp-content\/uploads\/sites\/2\/Bachmann_Kunststoffverpackungen_Casestudy_Technic1_6_Endprodukt-300x220.jpg 300w, https:\/\/www.bachmann-kunststoff-verpackungen.ch\/wp-content\/uploads\/sites\/2\/Bachmann_Kunststoffverpackungen_Casestudy_Technic1_6_Endprodukt-1024x750.jpg 1024w, https:\/\/www.bachmann-kunststoff-verpackungen.ch\/wp-content\/uploads\/sites\/2\/Bachmann_Kunststoffverpackungen_Casestudy_Technic1_6_Endprodukt-768x562.jpg 768w, https:\/\/www.bachmann-kunststoff-verpackungen.ch\/wp-content\/uploads\/sites\/2\/Bachmann_Kunststoffverpackungen_Casestudy_Technic1_6_Endprodukt-1536x1124.jpg 1536w\" sizes=\"auto, (max-width: 2049px) 100vw, 2049px\" \/>\t\t\t\t\t<\/div>\n\t\t\t\t\t\t\t\t\t<\/div>\n\t\t\t<\/div>\n\t\t\t\t\t<\/li>\n\t\t<\/ul>\t\t\t\t<ol class=\"sow-slider-pagination\">\n\t\t\t\t\t\t\t\t\t\t\t<li><a href=\"#\" data-goto=\"0\" aria-label=\"Display slide 1\"><\/a><\/li>\n\t\t\t\t\t\t\t\t\t\t\t<li><a href=\"#\" data-goto=\"1\" aria-label=\"Display slide 2\"><\/a><\/li>\n\t\t\t\t\t\t\t\t\t\t\t<li><a href=\"#\" data-goto=\"2\" aria-label=\"Display slide 3\"><\/a><\/li>\n\t\t\t\t\t\t\t\t\t\t\t<li><a href=\"#\" data-goto=\"3\" aria-label=\"Display slide 4\"><\/a><\/li>\n\t\t\t\t\t\t\t\t\t\t\t<li><a href=\"#\" data-goto=\"4\" aria-label=\"Display slide 5\"><\/a><\/li>\n\t\t\t\t\t\t\t\t\t\t\t<li><a href=\"#\" data-goto=\"5\" aria-label=\"Display slide 6\"><\/a><\/li>\n\t\t\t\t\t\t\t\t\t<\/ol>\n\n\t\t\t\t<div class=\"sow-slide-nav sow-slide-nav-next\">\n\t\t\t\t\t<a href=\"#\" data-goto=\"next\" aria-label=\"Next slide\" data-action=\"next\">\n\t\t\t\t\t\t<em class=\"sow-sld-icon-thin-right\"><\/em>\n\t\t\t\t\t<\/a>\n\t\t\t\t<\/div>\n\n\t\t\t\t<div class=\"sow-slide-nav sow-slide-nav-prev\">\n\t\t\t\t\t<a href=\"#\" data-goto=\"previous\" aria-label=\"Previous slide\" data-action=\"prev\">\n\t\t\t\t\t\t<em class=\"sow-sld-icon-thin-left\"><\/em>\n\t\t\t\t\t<\/a>\n\t\t\t\t<\/div>\n\t\t\t\t<\/div><\/div><\/div><\/div><\/div><\/div><\/div><div id=\"pg-1367-1\"  class=\"panel-grid panel-has-style\" ><div data-iw-animation-delay=\"\" data-iw-animation-position=\"\" class=\"panel-row-style panel-row-style-for-1367-1\" ><div id=\"pgc-1367-1-0\"  class=\"panel-grid-cell\" ><div id=\"panel-1367-1-0-0\" class=\"so-panel widget widget_sow-editor panel-first-child\" data-index=\"2\" ><div data-iw-animation-delay=\"\" data-iw-animation-position=\"\" class=\"panel-widget-style panel-widget-style-for-1367-1-0-0\" ><div\n\t\t\t\n\t\t\tclass=\"so-widget-sow-editor so-widget-sow-editor-base\"\n\t\t\t\n\t\t>\n<div class=\"siteorigin-widget-tinymce textwidget\">\n\t<p>Weitere Entwicklungen:<\/p>\n<\/div>\n<\/div><\/div><\/div><div id=\"panel-1367-1-0-1\" class=\"so-panel widget widget_bachmannchildpagenavigation-widget panel-last-child\" data-index=\"3\" ><div data-iw-animation-delay=\"\" data-iw-animation-position=\"\" class=\"panel-widget-style panel-widget-style-for-1367-1-0-1\" ><div\n\t\t\t\n\t\t\tclass=\"so-widget-bachmannchildpagenavigation-widget so-widget-bachmannchildpagenavigation-widget-base\"\n\t\t\t\n\t\t>            <div class=\"link link_white\">\n                                    <a href=\"https:\/\/www.bachmann-kunststoff-verpackungen.ch\/en\/competencies\/case-study\/case-study-healthcare\/\">Case Study Healthcare<span uk-icon=\"icon: arrow-right; ratio: 1.2;\"><\/span><\/a>\n                            <\/div>\n                        <div class=\"link link_white\">\n                                    <a href=\"https:\/\/www.bachmann-kunststoff-verpackungen.ch\/en\/competencies\/case-study\/case-study-food\/\">Case Study Food<span uk-icon=\"icon: arrow-right; ratio: 1.2;\"><\/span><\/a>\n                            <\/div>\n                        <div class=\"link link_white\">\n                            <\/div>\n            <\/div><\/div><\/div><\/div><\/div><\/div><\/div>","protected":false},"excerpt":{"rendered":"<p>Die Entwicklung einer Verpackungsl\u00f6sung l\u00e4sst sich in folgende 6 Meilensteine unterteilen: Step 1 Designvorschl\u00e4ge Step 2 3D-Print Step 3 Freigabe-Zeichnung Step 4 Muster-Werkzeug Step 5 Serie-Werkzeug Step 6 Endprodukt Weitere Entwicklungen:<\/p>\n","protected":false},"author":1,"featured_media":0,"parent":1327,"menu_order":0,"comment_status":"closed","ping_status":"closed","template":"page-casestudy.php","meta":{"footnotes":""},"class_list":["post-1367","page","type-page","status-publish","hentry"],"yoast_head":"<!-- This site is optimized with the Yoast SEO plugin v25.9 - https:\/\/yoast.com\/wordpress\/plugins\/seo\/ -->\n<title>Case Study Technic - BACHMANN FORMING AG<\/title>\n<meta name=\"robots\" content=\"index, follow, max-snippet:-1, max-image-preview:large, max-video-preview:-1\" \/>\n<link rel=\"canonical\" href=\"https:\/\/www.bachmann-kunststoff-verpackungen.ch\/en\/competencies\/case-study\/case-study-technic\/\" \/>\n<meta property=\"og:locale\" content=\"en_US\" \/>\n<meta property=\"og:type\" content=\"article\" \/>\n<meta property=\"og:title\" content=\"Case Study Technic - BACHMANN FORMING AG\" \/>\n<meta property=\"og:description\" content=\"Die Entwicklung einer Verpackungsl\u00f6sung l\u00e4sst sich in folgende 6 Meilensteine unterteilen: Step 1 Designvorschl\u00e4ge Step 2 3D-Print Step 3 Freigabe-Zeichnung Step 4 Muster-Werkzeug Step 5 Serie-Werkzeug Step 6 Endprodukt Weitere Entwicklungen:\" \/>\n<meta property=\"og:url\" content=\"https:\/\/www.bachmann-kunststoff-verpackungen.ch\/en\/competencies\/case-study\/case-study-technic\/\" \/>\n<meta property=\"og:site_name\" content=\"BACHMANN FORMING AG\" \/>\n<meta name=\"twitter:card\" content=\"summary_large_image\" \/>\n<script type=\"application\/ld+json\" class=\"yoast-schema-graph\">{\"@context\":\"https:\/\/schema.org\",\"@graph\":[{\"@type\":\"WebPage\",\"@id\":\"https:\/\/www.bachmann-kunststoff-verpackungen.ch\/en\/competencies\/case-study\/case-study-technic\/\",\"url\":\"https:\/\/www.bachmann-kunststoff-verpackungen.ch\/en\/competencies\/case-study\/case-study-technic\/\",\"name\":\"Case Study Technic - BACHMANN FORMING AG\",\"isPartOf\":{\"@id\":\"https:\/\/www.bachmann-kunststoff-verpackungen.ch\/#website\"},\"datePublished\":\"2020-10-05T11:27:32+00:00\",\"breadcrumb\":{\"@id\":\"https:\/\/www.bachmann-kunststoff-verpackungen.ch\/en\/competencies\/case-study\/case-study-technic\/#breadcrumb\"},\"inLanguage\":\"en-US\",\"potentialAction\":[{\"@type\":\"ReadAction\",\"target\":[\"https:\/\/www.bachmann-kunststoff-verpackungen.ch\/en\/competencies\/case-study\/case-study-technic\/\"]}]},{\"@type\":\"BreadcrumbList\",\"@id\":\"https:\/\/www.bachmann-kunststoff-verpackungen.ch\/en\/competencies\/case-study\/case-study-technic\/#breadcrumb\",\"itemListElement\":[{\"@type\":\"ListItem\",\"position\":1,\"name\":\"Home\",\"item\":\"https:\/\/www.bachmann-kunststoff-verpackungen.ch\/en\/\"},{\"@type\":\"ListItem\",\"position\":2,\"name\":\"Competencies\",\"item\":\"https:\/\/www.bachmann-kunststoff-verpackungen.ch\/en\/competencies\/\"},{\"@type\":\"ListItem\",\"position\":3,\"name\":\"Case Study\",\"item\":\"https:\/\/www.bachmann-kunststoff-verpackungen.ch\/en\/competencies\/case-study\/\"},{\"@type\":\"ListItem\",\"position\":4,\"name\":\"Case Study Technic\"}]},{\"@type\":\"WebSite\",\"@id\":\"https:\/\/www.bachmann-kunststoff-verpackungen.ch\/#website\",\"url\":\"https:\/\/www.bachmann-kunststoff-verpackungen.ch\/\",\"name\":\"BACHMANN FORMING AG\",\"description\":\"\",\"potentialAction\":[{\"@type\":\"SearchAction\",\"target\":{\"@type\":\"EntryPoint\",\"urlTemplate\":\"https:\/\/www.bachmann-kunststoff-verpackungen.ch\/?s={search_term_string}\"},\"query-input\":{\"@type\":\"PropertyValueSpecification\",\"valueRequired\":true,\"valueName\":\"search_term_string\"}}],\"inLanguage\":\"en-US\"}]}<\/script>\n<!-- \/ Yoast SEO plugin. -->","yoast_head_json":{"title":"Case Study Technic - BACHMANN FORMING AG","robots":{"index":"index","follow":"follow","max-snippet":"max-snippet:-1","max-image-preview":"max-image-preview:large","max-video-preview":"max-video-preview:-1"},"canonical":"https:\/\/www.bachmann-kunststoff-verpackungen.ch\/en\/competencies\/case-study\/case-study-technic\/","og_locale":"en_US","og_type":"article","og_title":"Case Study Technic - BACHMANN FORMING AG","og_description":"Die Entwicklung einer Verpackungsl\u00f6sung l\u00e4sst sich in folgende 6 Meilensteine unterteilen: Step 1 Designvorschl\u00e4ge Step 2 3D-Print Step 3 Freigabe-Zeichnung Step 4 Muster-Werkzeug Step 5 Serie-Werkzeug Step 6 Endprodukt Weitere Entwicklungen:","og_url":"https:\/\/www.bachmann-kunststoff-verpackungen.ch\/en\/competencies\/case-study\/case-study-technic\/","og_site_name":"BACHMANN FORMING AG","twitter_card":"summary_large_image","schema":{"@context":"https:\/\/schema.org","@graph":[{"@type":"WebPage","@id":"https:\/\/www.bachmann-kunststoff-verpackungen.ch\/en\/competencies\/case-study\/case-study-technic\/","url":"https:\/\/www.bachmann-kunststoff-verpackungen.ch\/en\/competencies\/case-study\/case-study-technic\/","name":"Case Study Technic - BACHMANN FORMING AG","isPartOf":{"@id":"https:\/\/www.bachmann-kunststoff-verpackungen.ch\/#website"},"datePublished":"2020-10-05T11:27:32+00:00","breadcrumb":{"@id":"https:\/\/www.bachmann-kunststoff-verpackungen.ch\/en\/competencies\/case-study\/case-study-technic\/#breadcrumb"},"inLanguage":"en-US","potentialAction":[{"@type":"ReadAction","target":["https:\/\/www.bachmann-kunststoff-verpackungen.ch\/en\/competencies\/case-study\/case-study-technic\/"]}]},{"@type":"BreadcrumbList","@id":"https:\/\/www.bachmann-kunststoff-verpackungen.ch\/en\/competencies\/case-study\/case-study-technic\/#breadcrumb","itemListElement":[{"@type":"ListItem","position":1,"name":"Home","item":"https:\/\/www.bachmann-kunststoff-verpackungen.ch\/en\/"},{"@type":"ListItem","position":2,"name":"Competencies","item":"https:\/\/www.bachmann-kunststoff-verpackungen.ch\/en\/competencies\/"},{"@type":"ListItem","position":3,"name":"Case Study","item":"https:\/\/www.bachmann-kunststoff-verpackungen.ch\/en\/competencies\/case-study\/"},{"@type":"ListItem","position":4,"name":"Case Study Technic"}]},{"@type":"WebSite","@id":"https:\/\/www.bachmann-kunststoff-verpackungen.ch\/#website","url":"https:\/\/www.bachmann-kunststoff-verpackungen.ch\/","name":"BACHMANN FORMING AG","description":"","potentialAction":[{"@type":"SearchAction","target":{"@type":"EntryPoint","urlTemplate":"https:\/\/www.bachmann-kunststoff-verpackungen.ch\/?s={search_term_string}"},"query-input":{"@type":"PropertyValueSpecification","valueRequired":true,"valueName":"search_term_string"}}],"inLanguage":"en-US"}]}},"_links":{"self":[{"href":"https:\/\/www.bachmann-kunststoff-verpackungen.ch\/en\/wp-json\/wp\/v2\/pages\/1367","targetHints":{"allow":["GET"]}}],"collection":[{"href":"https:\/\/www.bachmann-kunststoff-verpackungen.ch\/en\/wp-json\/wp\/v2\/pages"}],"about":[{"href":"https:\/\/www.bachmann-kunststoff-verpackungen.ch\/en\/wp-json\/wp\/v2\/types\/page"}],"author":[{"embeddable":true,"href":"https:\/\/www.bachmann-kunststoff-verpackungen.ch\/en\/wp-json\/wp\/v2\/users\/1"}],"replies":[{"embeddable":true,"href":"https:\/\/www.bachmann-kunststoff-verpackungen.ch\/en\/wp-json\/wp\/v2\/comments?post=1367"}],"version-history":[{"count":1,"href":"https:\/\/www.bachmann-kunststoff-verpackungen.ch\/en\/wp-json\/wp\/v2\/pages\/1367\/revisions"}],"predecessor-version":[{"id":1428,"href":"https:\/\/www.bachmann-kunststoff-verpackungen.ch\/en\/wp-json\/wp\/v2\/pages\/1367\/revisions\/1428"}],"up":[{"embeddable":true,"href":"https:\/\/www.bachmann-kunststoff-verpackungen.ch\/en\/wp-json\/wp\/v2\/pages\/1327"}],"wp:attachment":[{"href":"https:\/\/www.bachmann-kunststoff-verpackungen.ch\/en\/wp-json\/wp\/v2\/media?parent=1367"}],"curies":[{"name":"wp","href":"https:\/\/api.w.org\/{rel}","templated":true}]}}