{"id":1298,"date":"2020-09-30T07:26:34","date_gmt":"2020-09-30T05:26:34","guid":{"rendered":"http:\/\/wewnnymyrb.cyon.link\/produkte\/food\/"},"modified":"2021-07-12T15:41:00","modified_gmt":"2021-07-12T13:41:00","slug":"food","status":"publish","type":"page","link":"https:\/\/www.bachmann-kunststoff-verpackungen.ch\/fr\/produits\/food\/","title":{"rendered":"FOOD"},"content":{"rendered":"<div id=\"pl-1298\"  class=\"panel-layout\" ><div id=\"pg-1298-0\"  class=\"panel-grid panel-has-style\" ><div data-iw-animation-delay=\"\" data-iw-animation-position=\"\" class=\"panel-row-style panel-row-style-for-1298-0\" ><div id=\"pgc-1298-0-0\"  class=\"panel-grid-cell\" ><div id=\"panel-1298-0-0-0\" class=\"so-panel widget widget_sow-editor panel-first-child panel-last-child\" data-index=\"0\" ><div data-iw-animation-delay=\"\" data-iw-animation-position=\"\" class=\"panel-widget-style panel-widget-style-for-1298-0-0-0\" ><div\n\t\t\t\n\t\t\tclass=\"so-widget-sow-editor so-widget-sow-editor-base\"\n\t\t\t\n\t\t>\n<div class=\"siteorigin-widget-tinymce textwidget\">\n\t<p>En tant que fabricants exp\u00e9riment\u00e9s d'emballages pour denr\u00e9es alimentaires, nous vous conseillons de mani\u00e8re proactive et r\u00e9alisons les emballages plastiques adapt\u00e9s \u00e0 vos produits.<\/p>\n<p>Les emballages alimentaires exigent les normes les plus strictes en mati\u00e8re d\u2019hygi\u00e8ne (<a href=\"https:\/\/www.bachmann-kunststoff-verpackungen.ch\/wp-content\/uploads\/sites\/2\/FSSC-22000_102935_en_2023.pdf\">Certificat FSSC 22000<\/a>), de dur\u00e9e de conservation, de micro-ondes, en capacit\u00e9 de st\u00e9rilisation et de scellage, de logistique et d'impact \u00e9cologique.<\/p>\n<\/div>\n<\/div><\/div><\/div><\/div><\/div><\/div><\/div>","protected":false},"excerpt":{"rendered":"<p>Des emballages en plastique au top<\/p>\n","protected":false},"author":1,"featured_media":1779,"parent":1296,"menu_order":10,"comment_status":"closed","ping_status":"closed","template":"page-produktdetail.php","meta":{"footnotes":""},"class_list":["post-1298","page","type-page","status-publish","has-post-thumbnail","hentry"],"yoast_head":"<!-- This site is optimized with the Yoast SEO plugin v25.9 - https:\/\/yoast.com\/wordpress\/plugins\/seo\/ -->\n<title>FOOD - BACHMANN FORMING AG<\/title>\n<meta name=\"robots\" content=\"index, follow, max-snippet:-1, max-image-preview:large, max-video-preview:-1\" \/>\n<link rel=\"canonical\" href=\"https:\/\/www.bachmann-kunststoff-verpackungen.ch\/fr\/produits\/food\/\" \/>\n<meta property=\"og:locale\" content=\"fr_FR\" \/>\n<meta property=\"og:type\" content=\"article\" \/>\n<meta property=\"og:title\" content=\"FOOD - BACHMANN FORMING AG\" \/>\n<meta property=\"og:description\" content=\"Des emballages en plastique au top\" \/>\n<meta property=\"og:url\" content=\"https:\/\/www.bachmann-kunststoff-verpackungen.ch\/fr\/produits\/food\/\" \/>\n<meta property=\"og:site_name\" content=\"BACHMANN FORMING AG\" \/>\n<meta property=\"article:modified_time\" content=\"2021-07-12T13:41:00+00:00\" \/>\n<meta property=\"og:image\" content=\"https:\/\/www.bachmann-kunststoff-verpackungen.ch\/wp-content\/uploads\/sites\/2\/Produkte_Headerbild-Food-1.jpg\" \/>\n\t<meta property=\"og:image:width\" content=\"1920\" \/>\n\t<meta property=\"og:image:height\" content=\"500\" \/>\n\t<meta property=\"og:image:type\" content=\"image\/jpeg\" \/>\n<meta name=\"twitter:card\" content=\"summary_large_image\" \/>\n<script type=\"application\/ld+json\" class=\"yoast-schema-graph\">{\"@context\":\"https:\/\/schema.org\",\"@graph\":[{\"@type\":\"WebPage\",\"@id\":\"https:\/\/www.bachmann-kunststoff-verpackungen.ch\/fr\/produits\/food\/\",\"url\":\"https:\/\/www.bachmann-kunststoff-verpackungen.ch\/fr\/produits\/food\/\",\"name\":\"FOOD - BACHMANN FORMING AG\",\"isPartOf\":{\"@id\":\"https:\/\/www.bachmann-kunststoff-verpackungen.ch\/#website\"},\"primaryImageOfPage\":{\"@id\":\"https:\/\/www.bachmann-kunststoff-verpackungen.ch\/fr\/produits\/food\/#primaryimage\"},\"image\":{\"@id\":\"https:\/\/www.bachmann-kunststoff-verpackungen.ch\/fr\/produits\/food\/#primaryimage\"},\"thumbnailUrl\":\"https:\/\/www.bachmann-kunststoff-verpackungen.ch\/wp-content\/uploads\/sites\/2\/Produkte_Headerbild-Food-1.jpg\",\"datePublished\":\"2020-09-30T05:26:34+00:00\",\"dateModified\":\"2021-07-12T13:41:00+00:00\",\"breadcrumb\":{\"@id\":\"https:\/\/www.bachmann-kunststoff-verpackungen.ch\/fr\/produits\/food\/#breadcrumb\"},\"inLanguage\":\"fr-FR\",\"potentialAction\":[{\"@type\":\"ReadAction\",\"target\":[\"https:\/\/www.bachmann-kunststoff-verpackungen.ch\/fr\/produits\/food\/\"]}]},{\"@type\":\"ImageObject\",\"inLanguage\":\"fr-FR\",\"@id\":\"https:\/\/www.bachmann-kunststoff-verpackungen.ch\/fr\/produits\/food\/#primaryimage\",\"url\":\"https:\/\/www.bachmann-kunststoff-verpackungen.ch\/wp-content\/uploads\/sites\/2\/Produkte_Headerbild-Food-1.jpg\",\"contentUrl\":\"https:\/\/www.bachmann-kunststoff-verpackungen.ch\/wp-content\/uploads\/sites\/2\/Produkte_Headerbild-Food-1.jpg\",\"width\":1920,\"height\":500,\"caption\":\"Portrait of a happy young salesman with vegetable basket in supermarket\"},{\"@type\":\"BreadcrumbList\",\"@id\":\"https:\/\/www.bachmann-kunststoff-verpackungen.ch\/fr\/produits\/food\/#breadcrumb\",\"itemListElement\":[{\"@type\":\"ListItem\",\"position\":1,\"name\":\"Home\",\"item\":\"https:\/\/www.bachmann-kunststoff-verpackungen.ch\/fr\/\"},{\"@type\":\"ListItem\",\"position\":2,\"name\":\"Produits\",\"item\":\"https:\/\/www.bachmann-kunststoff-verpackungen.ch\/fr\/produits\/\"},{\"@type\":\"ListItem\",\"position\":3,\"name\":\"FOOD\"}]},{\"@type\":\"WebSite\",\"@id\":\"https:\/\/www.bachmann-kunststoff-verpackungen.ch\/#website\",\"url\":\"https:\/\/www.bachmann-kunststoff-verpackungen.ch\/\",\"name\":\"BACHMANN FORMING AG\",\"description\":\"\",\"potentialAction\":[{\"@type\":\"SearchAction\",\"target\":{\"@type\":\"EntryPoint\",\"urlTemplate\":\"https:\/\/www.bachmann-kunststoff-verpackungen.ch\/?s={search_term_string}\"},\"query-input\":{\"@type\":\"PropertyValueSpecification\",\"valueRequired\":true,\"valueName\":\"search_term_string\"}}],\"inLanguage\":\"fr-FR\"}]}<\/script>\n<!-- \/ Yoast SEO plugin. -->","yoast_head_json":{"title":"FOOD - BACHMANN FORMING AG","robots":{"index":"index","follow":"follow","max-snippet":"max-snippet:-1","max-image-preview":"max-image-preview:large","max-video-preview":"max-video-preview:-1"},"canonical":"https:\/\/www.bachmann-kunststoff-verpackungen.ch\/fr\/produits\/food\/","og_locale":"fr_FR","og_type":"article","og_title":"FOOD - BACHMANN FORMING AG","og_description":"Des emballages en plastique au top","og_url":"https:\/\/www.bachmann-kunststoff-verpackungen.ch\/fr\/produits\/food\/","og_site_name":"BACHMANN FORMING AG","article_modified_time":"2021-07-12T13:41:00+00:00","og_image":[{"width":1920,"height":500,"url":"https:\/\/www.bachmann-kunststoff-verpackungen.ch\/wp-content\/uploads\/sites\/2\/Produkte_Headerbild-Food-1.jpg","type":"image\/jpeg"}],"twitter_card":"summary_large_image","schema":{"@context":"https:\/\/schema.org","@graph":[{"@type":"WebPage","@id":"https:\/\/www.bachmann-kunststoff-verpackungen.ch\/fr\/produits\/food\/","url":"https:\/\/www.bachmann-kunststoff-verpackungen.ch\/fr\/produits\/food\/","name":"FOOD - BACHMANN FORMING AG","isPartOf":{"@id":"https:\/\/www.bachmann-kunststoff-verpackungen.ch\/#website"},"primaryImageOfPage":{"@id":"https:\/\/www.bachmann-kunststoff-verpackungen.ch\/fr\/produits\/food\/#primaryimage"},"image":{"@id":"https:\/\/www.bachmann-kunststoff-verpackungen.ch\/fr\/produits\/food\/#primaryimage"},"thumbnailUrl":"https:\/\/www.bachmann-kunststoff-verpackungen.ch\/wp-content\/uploads\/sites\/2\/Produkte_Headerbild-Food-1.jpg","datePublished":"2020-09-30T05:26:34+00:00","dateModified":"2021-07-12T13:41:00+00:00","breadcrumb":{"@id":"https:\/\/www.bachmann-kunststoff-verpackungen.ch\/fr\/produits\/food\/#breadcrumb"},"inLanguage":"fr-FR","potentialAction":[{"@type":"ReadAction","target":["https:\/\/www.bachmann-kunststoff-verpackungen.ch\/fr\/produits\/food\/"]}]},{"@type":"ImageObject","inLanguage":"fr-FR","@id":"https:\/\/www.bachmann-kunststoff-verpackungen.ch\/fr\/produits\/food\/#primaryimage","url":"https:\/\/www.bachmann-kunststoff-verpackungen.ch\/wp-content\/uploads\/sites\/2\/Produkte_Headerbild-Food-1.jpg","contentUrl":"https:\/\/www.bachmann-kunststoff-verpackungen.ch\/wp-content\/uploads\/sites\/2\/Produkte_Headerbild-Food-1.jpg","width":1920,"height":500,"caption":"Portrait of a happy young salesman with vegetable basket in supermarket"},{"@type":"BreadcrumbList","@id":"https:\/\/www.bachmann-kunststoff-verpackungen.ch\/fr\/produits\/food\/#breadcrumb","itemListElement":[{"@type":"ListItem","position":1,"name":"Home","item":"https:\/\/www.bachmann-kunststoff-verpackungen.ch\/fr\/"},{"@type":"ListItem","position":2,"name":"Produits","item":"https:\/\/www.bachmann-kunststoff-verpackungen.ch\/fr\/produits\/"},{"@type":"ListItem","position":3,"name":"FOOD"}]},{"@type":"WebSite","@id":"https:\/\/www.bachmann-kunststoff-verpackungen.ch\/#website","url":"https:\/\/www.bachmann-kunststoff-verpackungen.ch\/","name":"BACHMANN FORMING AG","description":"","potentialAction":[{"@type":"SearchAction","target":{"@type":"EntryPoint","urlTemplate":"https:\/\/www.bachmann-kunststoff-verpackungen.ch\/?s={search_term_string}"},"query-input":{"@type":"PropertyValueSpecification","valueRequired":true,"valueName":"search_term_string"}}],"inLanguage":"fr-FR"}]}},"_links":{"self":[{"href":"https:\/\/www.bachmann-kunststoff-verpackungen.ch\/fr\/wp-json\/wp\/v2\/pages\/1298","targetHints":{"allow":["GET"]}}],"collection":[{"href":"https:\/\/www.bachmann-kunststoff-verpackungen.ch\/fr\/wp-json\/wp\/v2\/pages"}],"about":[{"href":"https:\/\/www.bachmann-kunststoff-verpackungen.ch\/fr\/wp-json\/wp\/v2\/types\/page"}],"author":[{"embeddable":true,"href":"https:\/\/www.bachmann-kunststoff-verpackungen.ch\/fr\/wp-json\/wp\/v2\/users\/1"}],"replies":[{"embeddable":true,"href":"https:\/\/www.bachmann-kunststoff-verpackungen.ch\/fr\/wp-json\/wp\/v2\/comments?post=1298"}],"version-history":[{"count":6,"href":"https:\/\/www.bachmann-kunststoff-verpackungen.ch\/fr\/wp-json\/wp\/v2\/pages\/1298\/revisions"}],"predecessor-version":[{"id":2439,"href":"https:\/\/www.bachmann-kunststoff-verpackungen.ch\/fr\/wp-json\/wp\/v2\/pages\/1298\/revisions\/2439"}],"up":[{"embeddable":true,"href":"https:\/\/www.bachmann-kunststoff-verpackungen.ch\/fr\/wp-json\/wp\/v2\/pages\/1296"}],"wp:featuredmedia":[{"embeddable":true,"href":"https:\/\/www.bachmann-kunststoff-verpackungen.ch\/fr\/wp-json\/wp\/v2\/media\/1779"}],"wp:attachment":[{"href":"https:\/\/www.bachmann-kunststoff-verpackungen.ch\/fr\/wp-json\/wp\/v2\/media?parent=1298"}],"curies":[{"name":"wp","href":"https:\/\/api.w.org\/{rel}","templated":true}]}}