{"id":1300,"date":"2020-09-30T07:28:47","date_gmt":"2020-09-30T05:28:47","guid":{"rendered":"http:\/\/wewnnymyrb.cyon.link\/produkte\/capsules\/"},"modified":"2021-05-05T09:43:19","modified_gmt":"2021-05-05T07:43:19","slug":"capsules","status":"publish","type":"page","link":"https:\/\/www.bachmann-kunststoff-verpackungen.ch\/fr\/produits\/capsules\/","title":{"rendered":"CAPSULES"},"content":{"rendered":"<div id=\"pl-1300\"  class=\"panel-layout\" ><div id=\"pg-1300-0\"  class=\"panel-grid panel-has-style\" ><div data-iw-animation-delay=\"\" data-iw-animation-position=\"\" class=\"panel-row-style panel-row-style-for-1300-0\" ><div id=\"pgc-1300-0-0\"  class=\"panel-grid-cell\" ><div id=\"panel-1300-0-0-0\" class=\"so-panel widget widget_sow-editor panel-first-child panel-last-child\" data-index=\"0\" ><div data-iw-animation-delay=\"\" data-iw-animation-position=\"\" class=\"panel-widget-style panel-widget-style-for-1300-0-0-0\" ><div\n\t\t\t\n\t\t\tclass=\"so-widget-sow-editor so-widget-sow-editor-base\"\n\t\t\t\n\t\t>\n<div class=\"siteorigin-widget-tinymce textwidget\">\n\t<p>Appr\u00e9ciez une tasse de caf\u00e9 ou de th\u00e9 en un tour de main et sans effort. La tendance aux bo\u00eetes-portion individuelles se poursuit. A cet effet, la capsule est un \u00e9l\u00e9ment important du syst\u00e8me qui doit fonctionner parfaitement. Du remplissage au stockage, \u00e0 la conservation du caf\u00e9 jusqu\u2019au per\u00e7age de la capsule pendant le processus d\u2019infusion. Rose tendance, jaune attrayant, rouge vif, bleu noble, avec effet m\u00e9tal ou sans : le choix des couleurs ne conna\u00eet pas de limites.<\/p>\n<p>Nous produisons des capsules en plastique, en aluminium et biod\u00e9gradables. Nous contr\u00f4lons et guidons le processus de fabrication par des contr\u00f4les en cours de processus pour que les millions de capsules r\u00e9pondent aux sp\u00e9cifications convenues.<\/p>\n<\/div>\n<\/div><\/div><\/div><\/div><\/div><\/div><\/div>","protected":false},"excerpt":{"rendered":"<p>Appr\u00e9ciez une tasse de caf\u00e9 ou de th\u00e9 en un tour de main et sans effort. La tendance aux bo\u00eetes-portion individuelles se poursuit. A cet effet, la capsule est un \u00e9l\u00e9ment important du syst\u00e8me qui doit fonctionner parfaitement. Du remplissage au stockage, \u00e0 la conservation du caf\u00e9 jusqu\u2019au per\u00e7age de la capsule pendant le processus [&hellip;]<\/p>\n","protected":false},"author":1,"featured_media":1103,"parent":1296,"menu_order":20,"comment_status":"closed","ping_status":"closed","template":"page-produktdetail.php","meta":{"footnotes":""},"class_list":["post-1300","page","type-page","status-publish","has-post-thumbnail","hentry"],"yoast_head":"<!-- This site is optimized with the Yoast SEO plugin v25.9 - https:\/\/yoast.com\/wordpress\/plugins\/seo\/ -->\n<title>CAPSULES - BACHMANN FORMING AG<\/title>\n<meta name=\"robots\" content=\"index, follow, max-snippet:-1, max-image-preview:large, max-video-preview:-1\" \/>\n<link rel=\"canonical\" href=\"https:\/\/www.bachmann-kunststoff-verpackungen.ch\/fr\/produits\/capsules\/\" \/>\n<meta property=\"og:locale\" content=\"fr_FR\" \/>\n<meta property=\"og:type\" content=\"article\" \/>\n<meta property=\"og:title\" content=\"CAPSULES - BACHMANN FORMING AG\" \/>\n<meta property=\"og:description\" content=\"Appr\u00e9ciez une tasse de caf\u00e9 ou de th\u00e9 en un tour de main et sans effort. La tendance aux bo\u00eetes-portion individuelles se poursuit. A cet effet, la capsule est un \u00e9l\u00e9ment important du syst\u00e8me qui doit fonctionner parfaitement. Du remplissage au stockage, \u00e0 la conservation du caf\u00e9 jusqu\u2019au per\u00e7age de la capsule pendant le processus [&hellip;]\" \/>\n<meta property=\"og:url\" content=\"https:\/\/www.bachmann-kunststoff-verpackungen.ch\/fr\/produits\/capsules\/\" \/>\n<meta property=\"og:site_name\" content=\"BACHMANN FORMING AG\" \/>\n<meta property=\"article:modified_time\" content=\"2021-05-05T07:43:19+00:00\" \/>\n<meta property=\"og:image\" content=\"https:\/\/www.bachmann-kunststoff-verpackungen.ch\/wp-content\/uploads\/sites\/2\/Produkte_Headerbild-Capsules.jpg\" \/>\n\t<meta property=\"og:image:width\" content=\"1920\" \/>\n\t<meta property=\"og:image:height\" content=\"500\" \/>\n\t<meta property=\"og:image:type\" content=\"image\/jpeg\" \/>\n<meta name=\"twitter:card\" content=\"summary_large_image\" \/>\n<meta name=\"twitter:label1\" content=\"Dur\u00e9e de lecture estim\u00e9e\" \/>\n\t<meta name=\"twitter:data1\" content=\"1 minute\" \/>\n<script type=\"application\/ld+json\" class=\"yoast-schema-graph\">{\"@context\":\"https:\/\/schema.org\",\"@graph\":[{\"@type\":\"WebPage\",\"@id\":\"https:\/\/www.bachmann-kunststoff-verpackungen.ch\/fr\/produits\/capsules\/\",\"url\":\"https:\/\/www.bachmann-kunststoff-verpackungen.ch\/fr\/produits\/capsules\/\",\"name\":\"CAPSULES - BACHMANN FORMING AG\",\"isPartOf\":{\"@id\":\"https:\/\/www.bachmann-kunststoff-verpackungen.ch\/#website\"},\"primaryImageOfPage\":{\"@id\":\"https:\/\/www.bachmann-kunststoff-verpackungen.ch\/fr\/produits\/capsules\/#primaryimage\"},\"image\":{\"@id\":\"https:\/\/www.bachmann-kunststoff-verpackungen.ch\/fr\/produits\/capsules\/#primaryimage\"},\"thumbnailUrl\":\"https:\/\/www.bachmann-kunststoff-verpackungen.ch\/wp-content\/uploads\/sites\/2\/Produkte_Headerbild-Capsules.jpg\",\"datePublished\":\"2020-09-30T05:28:47+00:00\",\"dateModified\":\"2021-05-05T07:43:19+00:00\",\"breadcrumb\":{\"@id\":\"https:\/\/www.bachmann-kunststoff-verpackungen.ch\/fr\/produits\/capsules\/#breadcrumb\"},\"inLanguage\":\"fr-FR\",\"potentialAction\":[{\"@type\":\"ReadAction\",\"target\":[\"https:\/\/www.bachmann-kunststoff-verpackungen.ch\/fr\/produits\/capsules\/\"]}]},{\"@type\":\"ImageObject\",\"inLanguage\":\"fr-FR\",\"@id\":\"https:\/\/www.bachmann-kunststoff-verpackungen.ch\/fr\/produits\/capsules\/#primaryimage\",\"url\":\"https:\/\/www.bachmann-kunststoff-verpackungen.ch\/wp-content\/uploads\/sites\/2\/Produkte_Headerbild-Capsules.jpg\",\"contentUrl\":\"https:\/\/www.bachmann-kunststoff-verpackungen.ch\/wp-content\/uploads\/sites\/2\/Produkte_Headerbild-Capsules.jpg\",\"width\":1920,\"height\":500,\"caption\":\"Thoughtful female owner holding coffee cup while standing in modern cafe\"},{\"@type\":\"BreadcrumbList\",\"@id\":\"https:\/\/www.bachmann-kunststoff-verpackungen.ch\/fr\/produits\/capsules\/#breadcrumb\",\"itemListElement\":[{\"@type\":\"ListItem\",\"position\":1,\"name\":\"Home\",\"item\":\"https:\/\/www.bachmann-kunststoff-verpackungen.ch\/fr\/\"},{\"@type\":\"ListItem\",\"position\":2,\"name\":\"Produits\",\"item\":\"https:\/\/www.bachmann-kunststoff-verpackungen.ch\/fr\/produits\/\"},{\"@type\":\"ListItem\",\"position\":3,\"name\":\"CAPSULES\"}]},{\"@type\":\"WebSite\",\"@id\":\"https:\/\/www.bachmann-kunststoff-verpackungen.ch\/#website\",\"url\":\"https:\/\/www.bachmann-kunststoff-verpackungen.ch\/\",\"name\":\"BACHMANN FORMING AG\",\"description\":\"\",\"potentialAction\":[{\"@type\":\"SearchAction\",\"target\":{\"@type\":\"EntryPoint\",\"urlTemplate\":\"https:\/\/www.bachmann-kunststoff-verpackungen.ch\/?s={search_term_string}\"},\"query-input\":{\"@type\":\"PropertyValueSpecification\",\"valueRequired\":true,\"valueName\":\"search_term_string\"}}],\"inLanguage\":\"fr-FR\"}]}<\/script>\n<!-- \/ Yoast SEO plugin. -->","yoast_head_json":{"title":"CAPSULES - BACHMANN FORMING AG","robots":{"index":"index","follow":"follow","max-snippet":"max-snippet:-1","max-image-preview":"max-image-preview:large","max-video-preview":"max-video-preview:-1"},"canonical":"https:\/\/www.bachmann-kunststoff-verpackungen.ch\/fr\/produits\/capsules\/","og_locale":"fr_FR","og_type":"article","og_title":"CAPSULES - BACHMANN FORMING AG","og_description":"Appr\u00e9ciez une tasse de caf\u00e9 ou de th\u00e9 en un tour de main et sans effort. La tendance aux bo\u00eetes-portion individuelles se poursuit. A cet effet, la capsule est un \u00e9l\u00e9ment important du syst\u00e8me qui doit fonctionner parfaitement. Du remplissage au stockage, \u00e0 la conservation du caf\u00e9 jusqu\u2019au per\u00e7age de la capsule pendant le processus [&hellip;]","og_url":"https:\/\/www.bachmann-kunststoff-verpackungen.ch\/fr\/produits\/capsules\/","og_site_name":"BACHMANN FORMING AG","article_modified_time":"2021-05-05T07:43:19+00:00","og_image":[{"width":1920,"height":500,"url":"https:\/\/www.bachmann-kunststoff-verpackungen.ch\/wp-content\/uploads\/sites\/2\/Produkte_Headerbild-Capsules.jpg","type":"image\/jpeg"}],"twitter_card":"summary_large_image","twitter_misc":{"Dur\u00e9e de lecture estim\u00e9e":"1 minute"},"schema":{"@context":"https:\/\/schema.org","@graph":[{"@type":"WebPage","@id":"https:\/\/www.bachmann-kunststoff-verpackungen.ch\/fr\/produits\/capsules\/","url":"https:\/\/www.bachmann-kunststoff-verpackungen.ch\/fr\/produits\/capsules\/","name":"CAPSULES - BACHMANN FORMING AG","isPartOf":{"@id":"https:\/\/www.bachmann-kunststoff-verpackungen.ch\/#website"},"primaryImageOfPage":{"@id":"https:\/\/www.bachmann-kunststoff-verpackungen.ch\/fr\/produits\/capsules\/#primaryimage"},"image":{"@id":"https:\/\/www.bachmann-kunststoff-verpackungen.ch\/fr\/produits\/capsules\/#primaryimage"},"thumbnailUrl":"https:\/\/www.bachmann-kunststoff-verpackungen.ch\/wp-content\/uploads\/sites\/2\/Produkte_Headerbild-Capsules.jpg","datePublished":"2020-09-30T05:28:47+00:00","dateModified":"2021-05-05T07:43:19+00:00","breadcrumb":{"@id":"https:\/\/www.bachmann-kunststoff-verpackungen.ch\/fr\/produits\/capsules\/#breadcrumb"},"inLanguage":"fr-FR","potentialAction":[{"@type":"ReadAction","target":["https:\/\/www.bachmann-kunststoff-verpackungen.ch\/fr\/produits\/capsules\/"]}]},{"@type":"ImageObject","inLanguage":"fr-FR","@id":"https:\/\/www.bachmann-kunststoff-verpackungen.ch\/fr\/produits\/capsules\/#primaryimage","url":"https:\/\/www.bachmann-kunststoff-verpackungen.ch\/wp-content\/uploads\/sites\/2\/Produkte_Headerbild-Capsules.jpg","contentUrl":"https:\/\/www.bachmann-kunststoff-verpackungen.ch\/wp-content\/uploads\/sites\/2\/Produkte_Headerbild-Capsules.jpg","width":1920,"height":500,"caption":"Thoughtful female owner holding coffee cup while standing in modern cafe"},{"@type":"BreadcrumbList","@id":"https:\/\/www.bachmann-kunststoff-verpackungen.ch\/fr\/produits\/capsules\/#breadcrumb","itemListElement":[{"@type":"ListItem","position":1,"name":"Home","item":"https:\/\/www.bachmann-kunststoff-verpackungen.ch\/fr\/"},{"@type":"ListItem","position":2,"name":"Produits","item":"https:\/\/www.bachmann-kunststoff-verpackungen.ch\/fr\/produits\/"},{"@type":"ListItem","position":3,"name":"CAPSULES"}]},{"@type":"WebSite","@id":"https:\/\/www.bachmann-kunststoff-verpackungen.ch\/#website","url":"https:\/\/www.bachmann-kunststoff-verpackungen.ch\/","name":"BACHMANN FORMING AG","description":"","potentialAction":[{"@type":"SearchAction","target":{"@type":"EntryPoint","urlTemplate":"https:\/\/www.bachmann-kunststoff-verpackungen.ch\/?s={search_term_string}"},"query-input":{"@type":"PropertyValueSpecification","valueRequired":true,"valueName":"search_term_string"}}],"inLanguage":"fr-FR"}]}},"_links":{"self":[{"href":"https:\/\/www.bachmann-kunststoff-verpackungen.ch\/fr\/wp-json\/wp\/v2\/pages\/1300","targetHints":{"allow":["GET"]}}],"collection":[{"href":"https:\/\/www.bachmann-kunststoff-verpackungen.ch\/fr\/wp-json\/wp\/v2\/pages"}],"about":[{"href":"https:\/\/www.bachmann-kunststoff-verpackungen.ch\/fr\/wp-json\/wp\/v2\/types\/page"}],"author":[{"embeddable":true,"href":"https:\/\/www.bachmann-kunststoff-verpackungen.ch\/fr\/wp-json\/wp\/v2\/users\/1"}],"replies":[{"embeddable":true,"href":"https:\/\/www.bachmann-kunststoff-verpackungen.ch\/fr\/wp-json\/wp\/v2\/comments?post=1300"}],"version-history":[{"count":6,"href":"https:\/\/www.bachmann-kunststoff-verpackungen.ch\/fr\/wp-json\/wp\/v2\/pages\/1300\/revisions"}],"predecessor-version":[{"id":1871,"href":"https:\/\/www.bachmann-kunststoff-verpackungen.ch\/fr\/wp-json\/wp\/v2\/pages\/1300\/revisions\/1871"}],"up":[{"embeddable":true,"href":"https:\/\/www.bachmann-kunststoff-verpackungen.ch\/fr\/wp-json\/wp\/v2\/pages\/1296"}],"wp:featuredmedia":[{"embeddable":true,"href":"https:\/\/www.bachmann-kunststoff-verpackungen.ch\/fr\/wp-json\/wp\/v2\/media\/1103"}],"wp:attachment":[{"href":"https:\/\/www.bachmann-kunststoff-verpackungen.ch\/fr\/wp-json\/wp\/v2\/media?parent=1300"}],"curies":[{"name":"wp","href":"https:\/\/api.w.org\/{rel}","templated":true}]}}