{"id":1302,"date":"2020-09-30T07:29:39","date_gmt":"2020-09-30T05:29:39","guid":{"rendered":"http:\/\/wewnnymyrb.cyon.link\/produkte\/health\/"},"modified":"2021-05-05T09:42:30","modified_gmt":"2021-05-05T07:42:30","slug":"health","status":"publish","type":"page","link":"https:\/\/www.bachmann-kunststoff-verpackungen.ch\/fr\/produits\/health\/","title":{"rendered":"HEALTHCARE"},"content":{"rendered":"<div id=\"pl-1302\"  class=\"panel-layout\" ><div id=\"pg-1302-0\"  class=\"panel-grid panel-has-style\" ><div data-iw-animation-delay=\"\" data-iw-animation-position=\"\" class=\"panel-row-style panel-row-style-for-1302-0\" ><div id=\"pgc-1302-0-0\"  class=\"panel-grid-cell\" ><div id=\"panel-1302-0-0-0\" class=\"so-panel widget widget_sow-editor panel-first-child panel-last-child\" data-index=\"0\" ><div data-iw-animation-delay=\"\" data-iw-animation-position=\"\" class=\"panel-widget-style panel-widget-style-for-1302-0-0-0\" ><div\n\t\t\t\n\t\t\tclass=\"so-widget-sow-editor so-widget-sow-editor-base\"\n\t\t\t\n\t\t>\n<div class=\"siteorigin-widget-tinymce textwidget\">\n\t<p>L'installation est conforme \u00e0 la norme ISO-8 (selon ISO 14644) et est r\u00e9guli\u00e8rement requalifi\u00e9e par des partenaires externes. Pour r\u00e9pondre aux exigences \u00e9lev\u00e9es des clients, le film certifi\u00e9 est ionis\u00e9 en permanence, nettoy\u00e9 m\u00e9caniquement et l'installation est surveill\u00e9e \u00e9lectroniquement.<\/p>\n<\/div>\n<\/div><\/div><\/div><\/div><\/div><\/div><\/div>","protected":false},"excerpt":{"rendered":"<p>Nous fabriquons des emballages pour les implants, les outils mais aussi des emballages secondaires dans des conditions de salle blanche avec des mat\u00e9riaux st\u00e9rilisables.<\/p>\n","protected":false},"author":1,"featured_media":1097,"parent":1296,"menu_order":30,"comment_status":"closed","ping_status":"closed","template":"page-produktdetail.php","meta":{"footnotes":""},"class_list":["post-1302","page","type-page","status-publish","has-post-thumbnail","hentry"],"yoast_head":"<!-- This site is optimized with the Yoast SEO plugin v25.9 - https:\/\/yoast.com\/wordpress\/plugins\/seo\/ -->\n<title>HEALTHCARE - BACHMANN FORMING AG<\/title>\n<meta name=\"robots\" content=\"index, follow, max-snippet:-1, max-image-preview:large, max-video-preview:-1\" \/>\n<link rel=\"canonical\" href=\"https:\/\/www.bachmann-kunststoff-verpackungen.ch\/fr\/produits\/health\/\" \/>\n<meta property=\"og:locale\" content=\"fr_FR\" \/>\n<meta property=\"og:type\" content=\"article\" \/>\n<meta property=\"og:title\" content=\"HEALTHCARE - BACHMANN FORMING AG\" \/>\n<meta property=\"og:description\" content=\"Nous fabriquons des emballages pour les implants, les outils mais aussi des emballages secondaires dans des conditions de salle blanche avec des mat\u00e9riaux st\u00e9rilisables.\" \/>\n<meta property=\"og:url\" content=\"https:\/\/www.bachmann-kunststoff-verpackungen.ch\/fr\/produits\/health\/\" \/>\n<meta property=\"og:site_name\" content=\"BACHMANN FORMING AG\" \/>\n<meta property=\"article:modified_time\" content=\"2021-05-05T07:42:30+00:00\" \/>\n<meta property=\"og:image\" content=\"https:\/\/www.bachmann-kunststoff-verpackungen.ch\/wp-content\/uploads\/sites\/2\/Produkte_Headerbild-Health.jpg\" \/>\n\t<meta property=\"og:image:width\" content=\"1920\" \/>\n\t<meta property=\"og:image:height\" content=\"500\" \/>\n\t<meta property=\"og:image:type\" content=\"image\/jpeg\" \/>\n<meta name=\"twitter:card\" content=\"summary_large_image\" \/>\n<script type=\"application\/ld+json\" class=\"yoast-schema-graph\">{\"@context\":\"https:\/\/schema.org\",\"@graph\":[{\"@type\":\"WebPage\",\"@id\":\"https:\/\/www.bachmann-kunststoff-verpackungen.ch\/fr\/produits\/health\/\",\"url\":\"https:\/\/www.bachmann-kunststoff-verpackungen.ch\/fr\/produits\/health\/\",\"name\":\"HEALTHCARE - BACHMANN FORMING AG\",\"isPartOf\":{\"@id\":\"https:\/\/www.bachmann-kunststoff-verpackungen.ch\/#website\"},\"primaryImageOfPage\":{\"@id\":\"https:\/\/www.bachmann-kunststoff-verpackungen.ch\/fr\/produits\/health\/#primaryimage\"},\"image\":{\"@id\":\"https:\/\/www.bachmann-kunststoff-verpackungen.ch\/fr\/produits\/health\/#primaryimage\"},\"thumbnailUrl\":\"https:\/\/www.bachmann-kunststoff-verpackungen.ch\/wp-content\/uploads\/sites\/2\/Produkte_Headerbild-Health.jpg\",\"datePublished\":\"2020-09-30T05:29:39+00:00\",\"dateModified\":\"2021-05-05T07:42:30+00:00\",\"breadcrumb\":{\"@id\":\"https:\/\/www.bachmann-kunststoff-verpackungen.ch\/fr\/produits\/health\/#breadcrumb\"},\"inLanguage\":\"fr-FR\",\"potentialAction\":[{\"@type\":\"ReadAction\",\"target\":[\"https:\/\/www.bachmann-kunststoff-verpackungen.ch\/fr\/produits\/health\/\"]}]},{\"@type\":\"ImageObject\",\"inLanguage\":\"fr-FR\",\"@id\":\"https:\/\/www.bachmann-kunststoff-verpackungen.ch\/fr\/produits\/health\/#primaryimage\",\"url\":\"https:\/\/www.bachmann-kunststoff-verpackungen.ch\/wp-content\/uploads\/sites\/2\/Produkte_Headerbild-Health.jpg\",\"contentUrl\":\"https:\/\/www.bachmann-kunststoff-verpackungen.ch\/wp-content\/uploads\/sites\/2\/Produkte_Headerbild-Health.jpg\",\"width\":1920,\"height\":500,\"caption\":\"Medical Research Scientist Drops Sample on Slide and Her Colleague Examines it Under Microscope. They Work in a Modern Laboratory.\"},{\"@type\":\"BreadcrumbList\",\"@id\":\"https:\/\/www.bachmann-kunststoff-verpackungen.ch\/fr\/produits\/health\/#breadcrumb\",\"itemListElement\":[{\"@type\":\"ListItem\",\"position\":1,\"name\":\"Home\",\"item\":\"https:\/\/www.bachmann-kunststoff-verpackungen.ch\/fr\/\"},{\"@type\":\"ListItem\",\"position\":2,\"name\":\"Produits\",\"item\":\"https:\/\/www.bachmann-kunststoff-verpackungen.ch\/fr\/produits\/\"},{\"@type\":\"ListItem\",\"position\":3,\"name\":\"HEALTHCARE\"}]},{\"@type\":\"WebSite\",\"@id\":\"https:\/\/www.bachmann-kunststoff-verpackungen.ch\/#website\",\"url\":\"https:\/\/www.bachmann-kunststoff-verpackungen.ch\/\",\"name\":\"BACHMANN FORMING AG\",\"description\":\"\",\"potentialAction\":[{\"@type\":\"SearchAction\",\"target\":{\"@type\":\"EntryPoint\",\"urlTemplate\":\"https:\/\/www.bachmann-kunststoff-verpackungen.ch\/?s={search_term_string}\"},\"query-input\":{\"@type\":\"PropertyValueSpecification\",\"valueRequired\":true,\"valueName\":\"search_term_string\"}}],\"inLanguage\":\"fr-FR\"}]}<\/script>\n<!-- \/ Yoast SEO plugin. -->","yoast_head_json":{"title":"HEALTHCARE - BACHMANN FORMING AG","robots":{"index":"index","follow":"follow","max-snippet":"max-snippet:-1","max-image-preview":"max-image-preview:large","max-video-preview":"max-video-preview:-1"},"canonical":"https:\/\/www.bachmann-kunststoff-verpackungen.ch\/fr\/produits\/health\/","og_locale":"fr_FR","og_type":"article","og_title":"HEALTHCARE - BACHMANN FORMING AG","og_description":"Nous fabriquons des emballages pour les implants, les outils mais aussi des emballages secondaires dans des conditions de salle blanche avec des mat\u00e9riaux st\u00e9rilisables.","og_url":"https:\/\/www.bachmann-kunststoff-verpackungen.ch\/fr\/produits\/health\/","og_site_name":"BACHMANN FORMING AG","article_modified_time":"2021-05-05T07:42:30+00:00","og_image":[{"width":1920,"height":500,"url":"https:\/\/www.bachmann-kunststoff-verpackungen.ch\/wp-content\/uploads\/sites\/2\/Produkte_Headerbild-Health.jpg","type":"image\/jpeg"}],"twitter_card":"summary_large_image","schema":{"@context":"https:\/\/schema.org","@graph":[{"@type":"WebPage","@id":"https:\/\/www.bachmann-kunststoff-verpackungen.ch\/fr\/produits\/health\/","url":"https:\/\/www.bachmann-kunststoff-verpackungen.ch\/fr\/produits\/health\/","name":"HEALTHCARE - BACHMANN FORMING AG","isPartOf":{"@id":"https:\/\/www.bachmann-kunststoff-verpackungen.ch\/#website"},"primaryImageOfPage":{"@id":"https:\/\/www.bachmann-kunststoff-verpackungen.ch\/fr\/produits\/health\/#primaryimage"},"image":{"@id":"https:\/\/www.bachmann-kunststoff-verpackungen.ch\/fr\/produits\/health\/#primaryimage"},"thumbnailUrl":"https:\/\/www.bachmann-kunststoff-verpackungen.ch\/wp-content\/uploads\/sites\/2\/Produkte_Headerbild-Health.jpg","datePublished":"2020-09-30T05:29:39+00:00","dateModified":"2021-05-05T07:42:30+00:00","breadcrumb":{"@id":"https:\/\/www.bachmann-kunststoff-verpackungen.ch\/fr\/produits\/health\/#breadcrumb"},"inLanguage":"fr-FR","potentialAction":[{"@type":"ReadAction","target":["https:\/\/www.bachmann-kunststoff-verpackungen.ch\/fr\/produits\/health\/"]}]},{"@type":"ImageObject","inLanguage":"fr-FR","@id":"https:\/\/www.bachmann-kunststoff-verpackungen.ch\/fr\/produits\/health\/#primaryimage","url":"https:\/\/www.bachmann-kunststoff-verpackungen.ch\/wp-content\/uploads\/sites\/2\/Produkte_Headerbild-Health.jpg","contentUrl":"https:\/\/www.bachmann-kunststoff-verpackungen.ch\/wp-content\/uploads\/sites\/2\/Produkte_Headerbild-Health.jpg","width":1920,"height":500,"caption":"Medical Research Scientist Drops Sample on Slide and Her Colleague Examines it Under Microscope. They Work in a Modern Laboratory."},{"@type":"BreadcrumbList","@id":"https:\/\/www.bachmann-kunststoff-verpackungen.ch\/fr\/produits\/health\/#breadcrumb","itemListElement":[{"@type":"ListItem","position":1,"name":"Home","item":"https:\/\/www.bachmann-kunststoff-verpackungen.ch\/fr\/"},{"@type":"ListItem","position":2,"name":"Produits","item":"https:\/\/www.bachmann-kunststoff-verpackungen.ch\/fr\/produits\/"},{"@type":"ListItem","position":3,"name":"HEALTHCARE"}]},{"@type":"WebSite","@id":"https:\/\/www.bachmann-kunststoff-verpackungen.ch\/#website","url":"https:\/\/www.bachmann-kunststoff-verpackungen.ch\/","name":"BACHMANN FORMING AG","description":"","potentialAction":[{"@type":"SearchAction","target":{"@type":"EntryPoint","urlTemplate":"https:\/\/www.bachmann-kunststoff-verpackungen.ch\/?s={search_term_string}"},"query-input":{"@type":"PropertyValueSpecification","valueRequired":true,"valueName":"search_term_string"}}],"inLanguage":"fr-FR"}]}},"_links":{"self":[{"href":"https:\/\/www.bachmann-kunststoff-verpackungen.ch\/fr\/wp-json\/wp\/v2\/pages\/1302","targetHints":{"allow":["GET"]}}],"collection":[{"href":"https:\/\/www.bachmann-kunststoff-verpackungen.ch\/fr\/wp-json\/wp\/v2\/pages"}],"about":[{"href":"https:\/\/www.bachmann-kunststoff-verpackungen.ch\/fr\/wp-json\/wp\/v2\/types\/page"}],"author":[{"embeddable":true,"href":"https:\/\/www.bachmann-kunststoff-verpackungen.ch\/fr\/wp-json\/wp\/v2\/users\/1"}],"replies":[{"embeddable":true,"href":"https:\/\/www.bachmann-kunststoff-verpackungen.ch\/fr\/wp-json\/wp\/v2\/comments?post=1302"}],"version-history":[{"count":6,"href":"https:\/\/www.bachmann-kunststoff-verpackungen.ch\/fr\/wp-json\/wp\/v2\/pages\/1302\/revisions"}],"predecessor-version":[{"id":1868,"href":"https:\/\/www.bachmann-kunststoff-verpackungen.ch\/fr\/wp-json\/wp\/v2\/pages\/1302\/revisions\/1868"}],"up":[{"embeddable":true,"href":"https:\/\/www.bachmann-kunststoff-verpackungen.ch\/fr\/wp-json\/wp\/v2\/pages\/1296"}],"wp:featuredmedia":[{"embeddable":true,"href":"https:\/\/www.bachmann-kunststoff-verpackungen.ch\/fr\/wp-json\/wp\/v2\/media\/1097"}],"wp:attachment":[{"href":"https:\/\/www.bachmann-kunststoff-verpackungen.ch\/fr\/wp-json\/wp\/v2\/media?parent=1302"}],"curies":[{"name":"wp","href":"https:\/\/api.w.org\/{rel}","templated":true}]}}