{"id":1318,"date":"2020-10-15T15:26:26","date_gmt":"2020-10-15T13:26:26","guid":{"rendered":"http:\/\/wewnnymyrb.cyon.link\/kompetenzen\/konfektionierung\/"},"modified":"2021-03-30T07:41:33","modified_gmt":"2021-03-30T05:41:33","slug":"confection","status":"publish","type":"page","link":"https:\/\/www.bachmann-kunststoff-verpackungen.ch\/fr\/competences\/confection\/","title":{"rendered":"Confection"},"content":{"rendered":"<div id=\"pl-1318\"  class=\"panel-layout\" ><div id=\"pg-1318-0\"  class=\"panel-grid panel-has-style\" ><div data-iw-animation-delay=\"\" data-iw-animation-position=\"\" class=\"panel-row-style panel-row-style-for-1318-0\" ><div id=\"pgc-1318-0-0\"  class=\"panel-grid-cell\" ><div id=\"panel-1318-0-0-0\" class=\"so-panel widget widget_sow-editor panel-first-child panel-last-child\" data-index=\"0\" ><div data-iw-animation-delay=\"\" data-iw-animation-position=\"\" class=\"panel-widget-style panel-widget-style-for-1318-0-0-0\" ><div\n\t\t\t\n\t\t\tclass=\"so-widget-sow-editor so-widget-sow-editor-base\"\n\t\t\t\n\t\t>\n<div class=\"siteorigin-widget-tinymce textwidget\">\n\t<p>Afin de r\u00e9pondre \u00e0 la tendance \u00ab convenience \u00bb, nous pouvons \u00e9quiper vos emballages de couverts tels que des fourchettes en plastique et en bois, des cuill\u00e8res ou des piques en bambou, sur demande. Ceux-ci sont automatiquement ins\u00e9r\u00e9s et donc emball\u00e9s de mani\u00e8re hygi\u00e9nique.<\/p>\n<\/div>\n<\/div><\/div><\/div><\/div><\/div><\/div><\/div>","protected":false},"excerpt":{"rendered":"<p>Afin de r\u00e9pondre \u00e0 la tendance \u00ab convenience \u00bb, nous pouvons \u00e9quiper vos emballages de couverts tels que des fourchettes en plastique et en bois, des cuill\u00e8res ou des piques en bambou, sur demande. Ceux-ci sont automatiquement ins\u00e9r\u00e9s et donc emball\u00e9s de mani\u00e8re hygi\u00e9nique.<\/p>\n","protected":false},"author":1,"featured_media":2443,"parent":1306,"menu_order":60,"comment_status":"closed","ping_status":"closed","template":"","meta":{"footnotes":""},"class_list":["post-1318","page","type-page","status-publish","has-post-thumbnail","hentry"],"yoast_head":"<!-- This site is optimized with the Yoast SEO plugin v25.9 - https:\/\/yoast.com\/wordpress\/plugins\/seo\/ -->\n<title>Confection - BACHMANN FORMING AG<\/title>\n<meta name=\"robots\" content=\"index, follow, max-snippet:-1, max-image-preview:large, max-video-preview:-1\" \/>\n<link rel=\"canonical\" href=\"https:\/\/www.bachmann-kunststoff-verpackungen.ch\/fr\/competences\/confection\/\" \/>\n<meta property=\"og:locale\" content=\"fr_FR\" \/>\n<meta property=\"og:type\" content=\"article\" \/>\n<meta property=\"og:title\" content=\"Confection - BACHMANN FORMING AG\" \/>\n<meta property=\"og:description\" content=\"Afin de r\u00e9pondre \u00e0 la tendance \u00ab convenience \u00bb, nous pouvons \u00e9quiper vos emballages de couverts tels que des fourchettes en plastique et en bois, des cuill\u00e8res ou des piques en bambou, sur demande. Ceux-ci sont automatiquement ins\u00e9r\u00e9s et donc emball\u00e9s de mani\u00e8re hygi\u00e9nique.\" \/>\n<meta property=\"og:url\" content=\"https:\/\/www.bachmann-kunststoff-verpackungen.ch\/fr\/competences\/confection\/\" \/>\n<meta property=\"og:site_name\" content=\"BACHMANN FORMING AG\" \/>\n<meta property=\"article:modified_time\" content=\"2021-03-30T05:41:33+00:00\" \/>\n<meta property=\"og:image\" content=\"https:\/\/www.bachmann-kunststoff-verpackungen.ch\/wp-content\/uploads\/sites\/2\/Screenshot-4.png\" \/>\n\t<meta property=\"og:image:width\" content=\"1096\" \/>\n\t<meta property=\"og:image:height\" content=\"649\" \/>\n\t<meta property=\"og:image:type\" content=\"image\/png\" \/>\n<meta name=\"twitter:card\" content=\"summary_large_image\" \/>\n<script type=\"application\/ld+json\" class=\"yoast-schema-graph\">{\"@context\":\"https:\/\/schema.org\",\"@graph\":[{\"@type\":\"WebPage\",\"@id\":\"https:\/\/www.bachmann-kunststoff-verpackungen.ch\/fr\/competences\/confection\/\",\"url\":\"https:\/\/www.bachmann-kunststoff-verpackungen.ch\/fr\/competences\/confection\/\",\"name\":\"Confection - BACHMANN FORMING AG\",\"isPartOf\":{\"@id\":\"https:\/\/www.bachmann-kunststoff-verpackungen.ch\/#website\"},\"primaryImageOfPage\":{\"@id\":\"https:\/\/www.bachmann-kunststoff-verpackungen.ch\/fr\/competences\/confection\/#primaryimage\"},\"image\":{\"@id\":\"https:\/\/www.bachmann-kunststoff-verpackungen.ch\/fr\/competences\/confection\/#primaryimage\"},\"thumbnailUrl\":\"https:\/\/www.bachmann-kunststoff-verpackungen.ch\/wp-content\/uploads\/sites\/2\/Screenshot-4.png\",\"datePublished\":\"2020-10-15T13:26:26+00:00\",\"dateModified\":\"2021-03-30T05:41:33+00:00\",\"breadcrumb\":{\"@id\":\"https:\/\/www.bachmann-kunststoff-verpackungen.ch\/fr\/competences\/confection\/#breadcrumb\"},\"inLanguage\":\"fr-FR\",\"potentialAction\":[{\"@type\":\"ReadAction\",\"target\":[\"https:\/\/www.bachmann-kunststoff-verpackungen.ch\/fr\/competences\/confection\/\"]}]},{\"@type\":\"ImageObject\",\"inLanguage\":\"fr-FR\",\"@id\":\"https:\/\/www.bachmann-kunststoff-verpackungen.ch\/fr\/competences\/confection\/#primaryimage\",\"url\":\"https:\/\/www.bachmann-kunststoff-verpackungen.ch\/wp-content\/uploads\/sites\/2\/Screenshot-4.png\",\"contentUrl\":\"https:\/\/www.bachmann-kunststoff-verpackungen.ch\/wp-content\/uploads\/sites\/2\/Screenshot-4.png\",\"width\":1096,\"height\":649,\"caption\":\"Best\u00fccken vom Bambus-Picksern\"},{\"@type\":\"BreadcrumbList\",\"@id\":\"https:\/\/www.bachmann-kunststoff-verpackungen.ch\/fr\/competences\/confection\/#breadcrumb\",\"itemListElement\":[{\"@type\":\"ListItem\",\"position\":1,\"name\":\"Home\",\"item\":\"https:\/\/www.bachmann-kunststoff-verpackungen.ch\/fr\/\"},{\"@type\":\"ListItem\",\"position\":2,\"name\":\"Comp\u00e9tences\",\"item\":\"https:\/\/www.bachmann-kunststoff-verpackungen.ch\/fr\/competences\/\"},{\"@type\":\"ListItem\",\"position\":3,\"name\":\"Confection\"}]},{\"@type\":\"WebSite\",\"@id\":\"https:\/\/www.bachmann-kunststoff-verpackungen.ch\/#website\",\"url\":\"https:\/\/www.bachmann-kunststoff-verpackungen.ch\/\",\"name\":\"BACHMANN FORMING AG\",\"description\":\"\",\"potentialAction\":[{\"@type\":\"SearchAction\",\"target\":{\"@type\":\"EntryPoint\",\"urlTemplate\":\"https:\/\/www.bachmann-kunststoff-verpackungen.ch\/?s={search_term_string}\"},\"query-input\":{\"@type\":\"PropertyValueSpecification\",\"valueRequired\":true,\"valueName\":\"search_term_string\"}}],\"inLanguage\":\"fr-FR\"}]}<\/script>\n<!-- \/ Yoast SEO plugin. -->","yoast_head_json":{"title":"Confection - BACHMANN FORMING AG","robots":{"index":"index","follow":"follow","max-snippet":"max-snippet:-1","max-image-preview":"max-image-preview:large","max-video-preview":"max-video-preview:-1"},"canonical":"https:\/\/www.bachmann-kunststoff-verpackungen.ch\/fr\/competences\/confection\/","og_locale":"fr_FR","og_type":"article","og_title":"Confection - BACHMANN FORMING AG","og_description":"Afin de r\u00e9pondre \u00e0 la tendance \u00ab convenience \u00bb, nous pouvons \u00e9quiper vos emballages de couverts tels que des fourchettes en plastique et en bois, des cuill\u00e8res ou des piques en bambou, sur demande. Ceux-ci sont automatiquement ins\u00e9r\u00e9s et donc emball\u00e9s de mani\u00e8re hygi\u00e9nique.","og_url":"https:\/\/www.bachmann-kunststoff-verpackungen.ch\/fr\/competences\/confection\/","og_site_name":"BACHMANN FORMING AG","article_modified_time":"2021-03-30T05:41:33+00:00","og_image":[{"width":1096,"height":649,"url":"https:\/\/www.bachmann-kunststoff-verpackungen.ch\/wp-content\/uploads\/sites\/2\/Screenshot-4.png","type":"image\/png"}],"twitter_card":"summary_large_image","schema":{"@context":"https:\/\/schema.org","@graph":[{"@type":"WebPage","@id":"https:\/\/www.bachmann-kunststoff-verpackungen.ch\/fr\/competences\/confection\/","url":"https:\/\/www.bachmann-kunststoff-verpackungen.ch\/fr\/competences\/confection\/","name":"Confection - BACHMANN FORMING AG","isPartOf":{"@id":"https:\/\/www.bachmann-kunststoff-verpackungen.ch\/#website"},"primaryImageOfPage":{"@id":"https:\/\/www.bachmann-kunststoff-verpackungen.ch\/fr\/competences\/confection\/#primaryimage"},"image":{"@id":"https:\/\/www.bachmann-kunststoff-verpackungen.ch\/fr\/competences\/confection\/#primaryimage"},"thumbnailUrl":"https:\/\/www.bachmann-kunststoff-verpackungen.ch\/wp-content\/uploads\/sites\/2\/Screenshot-4.png","datePublished":"2020-10-15T13:26:26+00:00","dateModified":"2021-03-30T05:41:33+00:00","breadcrumb":{"@id":"https:\/\/www.bachmann-kunststoff-verpackungen.ch\/fr\/competences\/confection\/#breadcrumb"},"inLanguage":"fr-FR","potentialAction":[{"@type":"ReadAction","target":["https:\/\/www.bachmann-kunststoff-verpackungen.ch\/fr\/competences\/confection\/"]}]},{"@type":"ImageObject","inLanguage":"fr-FR","@id":"https:\/\/www.bachmann-kunststoff-verpackungen.ch\/fr\/competences\/confection\/#primaryimage","url":"https:\/\/www.bachmann-kunststoff-verpackungen.ch\/wp-content\/uploads\/sites\/2\/Screenshot-4.png","contentUrl":"https:\/\/www.bachmann-kunststoff-verpackungen.ch\/wp-content\/uploads\/sites\/2\/Screenshot-4.png","width":1096,"height":649,"caption":"Best\u00fccken vom Bambus-Picksern"},{"@type":"BreadcrumbList","@id":"https:\/\/www.bachmann-kunststoff-verpackungen.ch\/fr\/competences\/confection\/#breadcrumb","itemListElement":[{"@type":"ListItem","position":1,"name":"Home","item":"https:\/\/www.bachmann-kunststoff-verpackungen.ch\/fr\/"},{"@type":"ListItem","position":2,"name":"Comp\u00e9tences","item":"https:\/\/www.bachmann-kunststoff-verpackungen.ch\/fr\/competences\/"},{"@type":"ListItem","position":3,"name":"Confection"}]},{"@type":"WebSite","@id":"https:\/\/www.bachmann-kunststoff-verpackungen.ch\/#website","url":"https:\/\/www.bachmann-kunststoff-verpackungen.ch\/","name":"BACHMANN FORMING AG","description":"","potentialAction":[{"@type":"SearchAction","target":{"@type":"EntryPoint","urlTemplate":"https:\/\/www.bachmann-kunststoff-verpackungen.ch\/?s={search_term_string}"},"query-input":{"@type":"PropertyValueSpecification","valueRequired":true,"valueName":"search_term_string"}}],"inLanguage":"fr-FR"}]}},"_links":{"self":[{"href":"https:\/\/www.bachmann-kunststoff-verpackungen.ch\/fr\/wp-json\/wp\/v2\/pages\/1318","targetHints":{"allow":["GET"]}}],"collection":[{"href":"https:\/\/www.bachmann-kunststoff-verpackungen.ch\/fr\/wp-json\/wp\/v2\/pages"}],"about":[{"href":"https:\/\/www.bachmann-kunststoff-verpackungen.ch\/fr\/wp-json\/wp\/v2\/types\/page"}],"author":[{"embeddable":true,"href":"https:\/\/www.bachmann-kunststoff-verpackungen.ch\/fr\/wp-json\/wp\/v2\/users\/1"}],"replies":[{"embeddable":true,"href":"https:\/\/www.bachmann-kunststoff-verpackungen.ch\/fr\/wp-json\/wp\/v2\/comments?post=1318"}],"version-history":[{"count":2,"href":"https:\/\/www.bachmann-kunststoff-verpackungen.ch\/fr\/wp-json\/wp\/v2\/pages\/1318\/revisions"}],"predecessor-version":[{"id":1576,"href":"https:\/\/www.bachmann-kunststoff-verpackungen.ch\/fr\/wp-json\/wp\/v2\/pages\/1318\/revisions\/1576"}],"up":[{"embeddable":true,"href":"https:\/\/www.bachmann-kunststoff-verpackungen.ch\/fr\/wp-json\/wp\/v2\/pages\/1306"}],"wp:featuredmedia":[{"embeddable":true,"href":"https:\/\/www.bachmann-kunststoff-verpackungen.ch\/fr\/wp-json\/wp\/v2\/media\/2443"}],"wp:attachment":[{"href":"https:\/\/www.bachmann-kunststoff-verpackungen.ch\/fr\/wp-json\/wp\/v2\/media?parent=1318"}],"curies":[{"name":"wp","href":"https:\/\/api.w.org\/{rel}","templated":true}]}}