{"id":1320,"date":"2020-10-15T15:26:56","date_gmt":"2020-10-15T13:26:56","guid":{"rendered":"http:\/\/wewnnymyrb.cyon.link\/kompetenzen\/netpac\/"},"modified":"2021-04-27T14:22:33","modified_gmt":"2021-04-27T12:22:33","slug":"netpac","status":"publish","type":"page","link":"https:\/\/www.bachmann-kunststoff-verpackungen.ch\/fr\/competences\/netpac\/","title":{"rendered":"Netpac"},"content":{"rendered":"<div id=\"pl-1320\"  class=\"panel-layout\" ><div id=\"pg-1320-0\"  class=\"panel-grid panel-has-style\" ><div data-iw-animation-delay=\"\" data-iw-animation-position=\"\" class=\"panel-row-style panel-row-style-for-1320-0\" ><div id=\"pgc-1320-0-0\"  class=\"panel-grid-cell\" ><div id=\"panel-1320-0-0-0\" class=\"so-panel widget widget_sow-editor panel-first-child panel-last-child\" data-index=\"0\" ><div data-iw-animation-delay=\"\" data-iw-animation-position=\"\" class=\"panel-widget-style panel-widget-style-for-1320-0-0-0\" ><div\n\t\t\t\n\t\t\tclass=\"so-widget-sow-editor so-widget-sow-editor-base\"\n\t\t\t\n\t\t>\n<div class=\"siteorigin-widget-tinymce textwidget\">\n\t<p>La technologie Netform, que nous avons d\u00e9velopp\u00e9e, permet de produire une pi\u00e8ce thermoform\u00e9e avec jusqu'\u00e0 50% de plastique en moins. Le processus en deux \u00e9tapes permet de donner une forme 3D \u00e0 un filet en plastique. Notre filet standard est fabriqu\u00e9 en PP et est 100% recyclable.<\/p>\n<\/div>\n<\/div><\/div><\/div><\/div><div id=\"pgc-1320-0-1\"  class=\"panel-grid-cell\" ><div id=\"panel-1320-0-1-0\" class=\"so-panel widget widget_media_image panel-first-child panel-last-child\" data-index=\"1\" ><div data-iw-animation-delay=\"\" data-iw-animation-position=\"\" class=\"panel-widget-style panel-widget-style-for-1320-0-1-0\" ><img loading=\"lazy\" decoding=\"async\" width=\"300\" height=\"214\" src=\"https:\/\/www.bachmann-kunststoff-verpackungen.ch\/wp-content\/uploads\/sites\/2\/Foto-2-von-49-1-300x214.jpg\" class=\"image wp-image-1788  attachment-medium size-medium\" alt=\"\" style=\"max-width: 100%; height: auto;\" srcset=\"https:\/\/www.bachmann-kunststoff-verpackungen.ch\/wp-content\/uploads\/sites\/2\/Foto-2-von-49-1-300x214.jpg 300w, https:\/\/www.bachmann-kunststoff-verpackungen.ch\/wp-content\/uploads\/sites\/2\/Foto-2-von-49-1-1024x730.jpg 1024w, https:\/\/www.bachmann-kunststoff-verpackungen.ch\/wp-content\/uploads\/sites\/2\/Foto-2-von-49-1-768x548.jpg 768w, https:\/\/www.bachmann-kunststoff-verpackungen.ch\/wp-content\/uploads\/sites\/2\/Foto-2-von-49-1-1536x1095.jpg 1536w, https:\/\/www.bachmann-kunststoff-verpackungen.ch\/wp-content\/uploads\/sites\/2\/Foto-2-von-49-1-2048x1461.jpg 2048w\" sizes=\"auto, (max-width: 300px) 100vw, 300px\" \/><\/div><\/div><\/div><\/div><\/div><\/div>","protected":false},"excerpt":{"rendered":"<p>La technologie Netform, que nous avons d\u00e9velopp\u00e9e, permet de produire une pi\u00e8ce thermoform\u00e9e avec jusqu&rsquo;\u00e0 50% de plastique en moins. Le processus en deux \u00e9tapes permet de donner une forme 3D \u00e0 un filet en plastique. Notre filet standard est fabriqu\u00e9 en PP et est 100% recyclable.<\/p>\n","protected":false},"author":1,"featured_media":0,"parent":1306,"menu_order":70,"comment_status":"closed","ping_status":"closed","template":"","meta":{"footnotes":""},"class_list":["post-1320","page","type-page","status-publish","hentry"],"yoast_head":"<!-- This site is optimized with the Yoast SEO plugin v25.9 - https:\/\/yoast.com\/wordpress\/plugins\/seo\/ -->\n<title>Netpac - BACHMANN FORMING AG<\/title>\n<meta name=\"robots\" content=\"index, follow, max-snippet:-1, max-image-preview:large, max-video-preview:-1\" \/>\n<link rel=\"canonical\" href=\"https:\/\/www.bachmann-kunststoff-verpackungen.ch\/fr\/competences\/netpac\/\" \/>\n<meta property=\"og:locale\" content=\"fr_FR\" \/>\n<meta property=\"og:type\" content=\"article\" \/>\n<meta property=\"og:title\" content=\"Netpac - BACHMANN FORMING AG\" \/>\n<meta property=\"og:description\" content=\"La technologie Netform, que nous avons d\u00e9velopp\u00e9e, permet de produire une pi\u00e8ce thermoform\u00e9e avec jusqu&#039;\u00e0 50% de plastique en moins. Le processus en deux \u00e9tapes permet de donner une forme 3D \u00e0 un filet en plastique. Notre filet standard est fabriqu\u00e9 en PP et est 100% recyclable.\" \/>\n<meta property=\"og:url\" content=\"https:\/\/www.bachmann-kunststoff-verpackungen.ch\/fr\/competences\/netpac\/\" \/>\n<meta property=\"og:site_name\" content=\"BACHMANN FORMING AG\" \/>\n<meta property=\"article:modified_time\" content=\"2021-04-27T12:22:33+00:00\" \/>\n<meta name=\"twitter:card\" content=\"summary_large_image\" \/>\n<script type=\"application\/ld+json\" class=\"yoast-schema-graph\">{\"@context\":\"https:\/\/schema.org\",\"@graph\":[{\"@type\":\"WebPage\",\"@id\":\"https:\/\/www.bachmann-kunststoff-verpackungen.ch\/fr\/competences\/netpac\/\",\"url\":\"https:\/\/www.bachmann-kunststoff-verpackungen.ch\/fr\/competences\/netpac\/\",\"name\":\"Netpac - BACHMANN FORMING AG\",\"isPartOf\":{\"@id\":\"https:\/\/www.bachmann-kunststoff-verpackungen.ch\/#website\"},\"datePublished\":\"2020-10-15T13:26:56+00:00\",\"dateModified\":\"2021-04-27T12:22:33+00:00\",\"breadcrumb\":{\"@id\":\"https:\/\/www.bachmann-kunststoff-verpackungen.ch\/fr\/competences\/netpac\/#breadcrumb\"},\"inLanguage\":\"fr-FR\",\"potentialAction\":[{\"@type\":\"ReadAction\",\"target\":[\"https:\/\/www.bachmann-kunststoff-verpackungen.ch\/fr\/competences\/netpac\/\"]}]},{\"@type\":\"BreadcrumbList\",\"@id\":\"https:\/\/www.bachmann-kunststoff-verpackungen.ch\/fr\/competences\/netpac\/#breadcrumb\",\"itemListElement\":[{\"@type\":\"ListItem\",\"position\":1,\"name\":\"Home\",\"item\":\"https:\/\/www.bachmann-kunststoff-verpackungen.ch\/fr\/\"},{\"@type\":\"ListItem\",\"position\":2,\"name\":\"Comp\u00e9tences\",\"item\":\"https:\/\/www.bachmann-kunststoff-verpackungen.ch\/fr\/competences\/\"},{\"@type\":\"ListItem\",\"position\":3,\"name\":\"Netpac\"}]},{\"@type\":\"WebSite\",\"@id\":\"https:\/\/www.bachmann-kunststoff-verpackungen.ch\/#website\",\"url\":\"https:\/\/www.bachmann-kunststoff-verpackungen.ch\/\",\"name\":\"BACHMANN FORMING AG\",\"description\":\"\",\"potentialAction\":[{\"@type\":\"SearchAction\",\"target\":{\"@type\":\"EntryPoint\",\"urlTemplate\":\"https:\/\/www.bachmann-kunststoff-verpackungen.ch\/?s={search_term_string}\"},\"query-input\":{\"@type\":\"PropertyValueSpecification\",\"valueRequired\":true,\"valueName\":\"search_term_string\"}}],\"inLanguage\":\"fr-FR\"}]}<\/script>\n<!-- \/ Yoast SEO plugin. -->","yoast_head_json":{"title":"Netpac - BACHMANN FORMING AG","robots":{"index":"index","follow":"follow","max-snippet":"max-snippet:-1","max-image-preview":"max-image-preview:large","max-video-preview":"max-video-preview:-1"},"canonical":"https:\/\/www.bachmann-kunststoff-verpackungen.ch\/fr\/competences\/netpac\/","og_locale":"fr_FR","og_type":"article","og_title":"Netpac - BACHMANN FORMING AG","og_description":"La technologie Netform, que nous avons d\u00e9velopp\u00e9e, permet de produire une pi\u00e8ce thermoform\u00e9e avec jusqu'\u00e0 50% de plastique en moins. Le processus en deux \u00e9tapes permet de donner une forme 3D \u00e0 un filet en plastique. Notre filet standard est fabriqu\u00e9 en PP et est 100% recyclable.","og_url":"https:\/\/www.bachmann-kunststoff-verpackungen.ch\/fr\/competences\/netpac\/","og_site_name":"BACHMANN FORMING AG","article_modified_time":"2021-04-27T12:22:33+00:00","twitter_card":"summary_large_image","schema":{"@context":"https:\/\/schema.org","@graph":[{"@type":"WebPage","@id":"https:\/\/www.bachmann-kunststoff-verpackungen.ch\/fr\/competences\/netpac\/","url":"https:\/\/www.bachmann-kunststoff-verpackungen.ch\/fr\/competences\/netpac\/","name":"Netpac - BACHMANN FORMING AG","isPartOf":{"@id":"https:\/\/www.bachmann-kunststoff-verpackungen.ch\/#website"},"datePublished":"2020-10-15T13:26:56+00:00","dateModified":"2021-04-27T12:22:33+00:00","breadcrumb":{"@id":"https:\/\/www.bachmann-kunststoff-verpackungen.ch\/fr\/competences\/netpac\/#breadcrumb"},"inLanguage":"fr-FR","potentialAction":[{"@type":"ReadAction","target":["https:\/\/www.bachmann-kunststoff-verpackungen.ch\/fr\/competences\/netpac\/"]}]},{"@type":"BreadcrumbList","@id":"https:\/\/www.bachmann-kunststoff-verpackungen.ch\/fr\/competences\/netpac\/#breadcrumb","itemListElement":[{"@type":"ListItem","position":1,"name":"Home","item":"https:\/\/www.bachmann-kunststoff-verpackungen.ch\/fr\/"},{"@type":"ListItem","position":2,"name":"Comp\u00e9tences","item":"https:\/\/www.bachmann-kunststoff-verpackungen.ch\/fr\/competences\/"},{"@type":"ListItem","position":3,"name":"Netpac"}]},{"@type":"WebSite","@id":"https:\/\/www.bachmann-kunststoff-verpackungen.ch\/#website","url":"https:\/\/www.bachmann-kunststoff-verpackungen.ch\/","name":"BACHMANN FORMING AG","description":"","potentialAction":[{"@type":"SearchAction","target":{"@type":"EntryPoint","urlTemplate":"https:\/\/www.bachmann-kunststoff-verpackungen.ch\/?s={search_term_string}"},"query-input":{"@type":"PropertyValueSpecification","valueRequired":true,"valueName":"search_term_string"}}],"inLanguage":"fr-FR"}]}},"_links":{"self":[{"href":"https:\/\/www.bachmann-kunststoff-verpackungen.ch\/fr\/wp-json\/wp\/v2\/pages\/1320","targetHints":{"allow":["GET"]}}],"collection":[{"href":"https:\/\/www.bachmann-kunststoff-verpackungen.ch\/fr\/wp-json\/wp\/v2\/pages"}],"about":[{"href":"https:\/\/www.bachmann-kunststoff-verpackungen.ch\/fr\/wp-json\/wp\/v2\/types\/page"}],"author":[{"embeddable":true,"href":"https:\/\/www.bachmann-kunststoff-verpackungen.ch\/fr\/wp-json\/wp\/v2\/users\/1"}],"replies":[{"embeddable":true,"href":"https:\/\/www.bachmann-kunststoff-verpackungen.ch\/fr\/wp-json\/wp\/v2\/comments?post=1320"}],"version-history":[{"count":5,"href":"https:\/\/www.bachmann-kunststoff-verpackungen.ch\/fr\/wp-json\/wp\/v2\/pages\/1320\/revisions"}],"predecessor-version":[{"id":1794,"href":"https:\/\/www.bachmann-kunststoff-verpackungen.ch\/fr\/wp-json\/wp\/v2\/pages\/1320\/revisions\/1794"}],"up":[{"embeddable":true,"href":"https:\/\/www.bachmann-kunststoff-verpackungen.ch\/fr\/wp-json\/wp\/v2\/pages\/1306"}],"wp:attachment":[{"href":"https:\/\/www.bachmann-kunststoff-verpackungen.ch\/fr\/wp-json\/wp\/v2\/media?parent=1320"}],"curies":[{"name":"wp","href":"https:\/\/api.w.org\/{rel}","templated":true}]}}