{"id":1328,"date":"2020-09-30T11:04:27","date_gmt":"2020-09-30T09:04:27","guid":{"rendered":"http:\/\/wewnnymyrb.cyon.link\/?page_id=1328"},"modified":"2021-04-01T16:17:51","modified_gmt":"2021-04-01T14:17:51","slug":"case-study","status":"publish","type":"page","link":"https:\/\/www.bachmann-kunststoff-verpackungen.ch\/fr\/competences\/case-study\/","title":{"rendered":"Case Study"},"content":{"rendered":"<div id=\"pl-1328\"  class=\"panel-layout\" ><div id=\"pg-1328-0\"  class=\"panel-grid panel-has-style\" ><div data-iw-animation-delay=\"\" data-iw-animation-position=\"\" class=\"panel-row-style panel-row-style-for-1328-0\" ><div id=\"pgc-1328-0-0\"  class=\"panel-grid-cell\" ><div id=\"panel-1328-0-0-0\" class=\"so-panel widget widget_sow-editor panel-first-child\" data-index=\"0\" ><div data-iw-animation-delay=\"\" data-iw-animation-position=\"\" class=\"panel-widget-style panel-widget-style-for-1328-0-0-0\" ><div\n\t\t\t\n\t\t\tclass=\"so-widget-sow-editor so-widget-sow-editor-base\"\n\t\t\t\n\t\t>\n<div class=\"siteorigin-widget-tinymce textwidget\">\n\t<p>Nous int\u00e9grons vos id\u00e9es et nous y ajoutons les n\u00f4tres. La collaboration \u00e9troite avec le client est le facteur d\u00e9cisif pour un d\u00e9veloppement d\u2019emballage fructueux. Nous analysons tous les processus subis par l\u2019emballage suivant le mod\u00e8le Life-Cycle, pour pouvoir d\u00e9finir ensuite le profil des contraintes. Notre imprimante 3D est en mesure de fabriquer des \u00e9chantillons durant la nuit (processus FDM). Au moyen des syst\u00e8mes les plus modernes de CAO\/CAM nous construisons les formes du prototype. La pr\u00e9-s\u00e9rie sert \u00e0 la validation de l\u2019emballage. Ces donn\u00e9es nourrissent directement la fabrication de l\u2019outil de production en s\u00e9rie.<\/p>\n<p>Ici vous trouvez quelques \u00e9xemples de d\u00e9veloppement r\u00e9ussis:<\/p>\n<\/div>\n<\/div><\/div><\/div><div id=\"panel-1328-0-0-1\" class=\"so-panel widget widget_bachmannchildpagenavigation-widget panel-last-child\" data-index=\"1\" ><div data-iw-animation-delay=\"\" data-iw-animation-position=\"\" class=\"panel-widget-style panel-widget-style-for-1328-0-0-1\" ><div\n\t\t\t\n\t\t\tclass=\"so-widget-bachmannchildpagenavigation-widget so-widget-bachmannchildpagenavigation-widget-base\"\n\t\t\t\n\t\t>            <div class=\"link link_dark\">\n                                    <a href=\"https:\/\/www.bachmann-kunststoff-verpackungen.ch\/fr\/competences\/case-study\/case-study-healthcare\/\">Case Study Healthcare<span uk-icon=\"icon: arrow-right; ratio: 1.2;\"><\/span><\/a>\n                            <\/div>\n                        <div class=\"link link_dark\">\n                                    <a href=\"https:\/\/www.bachmann-kunststoff-verpackungen.ch\/fr\/competences\/case-study\/case-study-food\/\">Case Study Food<span uk-icon=\"icon: arrow-right; ratio: 1.2;\"><\/span><\/a>\n                            <\/div>\n                        <div class=\"link link_dark\">\n                                    <a href=\"https:\/\/www.bachmann-kunststoff-verpackungen.ch\/fr\/competences\/case-study\/case-study-technic\/\">Case Study Technic<span uk-icon=\"icon: arrow-right; ratio: 1.2;\"><\/span><\/a>\n                            <\/div>\n            <\/div><\/div><\/div><\/div><\/div><\/div><\/div>","protected":false},"excerpt":{"rendered":"<p>D\u00e9veloppement<\/p>\n","protected":false},"author":1,"featured_media":668,"parent":1306,"menu_order":100,"comment_status":"closed","ping_status":"closed","template":"","meta":{"footnotes":""},"class_list":["post-1328","page","type-page","status-publish","has-post-thumbnail","hentry"],"yoast_head":"<!-- This site is optimized with the Yoast SEO plugin v25.9 - https:\/\/yoast.com\/wordpress\/plugins\/seo\/ -->\n<title>Case Study - BACHMANN FORMING AG<\/title>\n<meta name=\"robots\" content=\"index, follow, max-snippet:-1, max-image-preview:large, max-video-preview:-1\" \/>\n<link rel=\"canonical\" href=\"https:\/\/www.bachmann-kunststoff-verpackungen.ch\/fr\/competences\/case-study\/\" \/>\n<meta property=\"og:locale\" content=\"fr_FR\" \/>\n<meta property=\"og:type\" content=\"article\" \/>\n<meta property=\"og:title\" content=\"Case Study - BACHMANN FORMING AG\" \/>\n<meta property=\"og:description\" content=\"D\u00e9veloppement\" \/>\n<meta property=\"og:url\" content=\"https:\/\/www.bachmann-kunststoff-verpackungen.ch\/fr\/competences\/case-study\/\" \/>\n<meta property=\"og:site_name\" content=\"BACHMANN FORMING AG\" \/>\n<meta property=\"article:modified_time\" content=\"2021-04-01T14:17:51+00:00\" \/>\n<meta property=\"og:image\" content=\"https:\/\/www.bachmann-kunststoff-verpackungen.ch\/wp-content\/uploads\/sites\/2\/forming_kompetenz_entwicklung.jpg\" \/>\n\t<meta property=\"og:image:width\" content=\"970\" \/>\n\t<meta property=\"og:image:height\" content=\"546\" \/>\n\t<meta property=\"og:image:type\" content=\"image\/jpeg\" \/>\n<meta name=\"twitter:card\" content=\"summary_large_image\" \/>\n<meta name=\"twitter:label1\" content=\"Dur\u00e9e de lecture estim\u00e9e\" \/>\n\t<meta name=\"twitter:data1\" content=\"1 minute\" \/>\n<script type=\"application\/ld+json\" class=\"yoast-schema-graph\">{\"@context\":\"https:\/\/schema.org\",\"@graph\":[{\"@type\":\"WebPage\",\"@id\":\"https:\/\/www.bachmann-kunststoff-verpackungen.ch\/fr\/competences\/case-study\/\",\"url\":\"https:\/\/www.bachmann-kunststoff-verpackungen.ch\/fr\/competences\/case-study\/\",\"name\":\"Case Study - BACHMANN FORMING AG\",\"isPartOf\":{\"@id\":\"https:\/\/www.bachmann-kunststoff-verpackungen.ch\/#website\"},\"primaryImageOfPage\":{\"@id\":\"https:\/\/www.bachmann-kunststoff-verpackungen.ch\/fr\/competences\/case-study\/#primaryimage\"},\"image\":{\"@id\":\"https:\/\/www.bachmann-kunststoff-verpackungen.ch\/fr\/competences\/case-study\/#primaryimage\"},\"thumbnailUrl\":\"https:\/\/www.bachmann-kunststoff-verpackungen.ch\/wp-content\/uploads\/sites\/2\/forming_kompetenz_entwicklung.jpg\",\"datePublished\":\"2020-09-30T09:04:27+00:00\",\"dateModified\":\"2021-04-01T14:17:51+00:00\",\"breadcrumb\":{\"@id\":\"https:\/\/www.bachmann-kunststoff-verpackungen.ch\/fr\/competences\/case-study\/#breadcrumb\"},\"inLanguage\":\"fr-FR\",\"potentialAction\":[{\"@type\":\"ReadAction\",\"target\":[\"https:\/\/www.bachmann-kunststoff-verpackungen.ch\/fr\/competences\/case-study\/\"]}]},{\"@type\":\"ImageObject\",\"inLanguage\":\"fr-FR\",\"@id\":\"https:\/\/www.bachmann-kunststoff-verpackungen.ch\/fr\/competences\/case-study\/#primaryimage\",\"url\":\"https:\/\/www.bachmann-kunststoff-verpackungen.ch\/wp-content\/uploads\/sites\/2\/forming_kompetenz_entwicklung.jpg\",\"contentUrl\":\"https:\/\/www.bachmann-kunststoff-verpackungen.ch\/wp-content\/uploads\/sites\/2\/forming_kompetenz_entwicklung.jpg\",\"width\":970,\"height\":546},{\"@type\":\"BreadcrumbList\",\"@id\":\"https:\/\/www.bachmann-kunststoff-verpackungen.ch\/fr\/competences\/case-study\/#breadcrumb\",\"itemListElement\":[{\"@type\":\"ListItem\",\"position\":1,\"name\":\"Home\",\"item\":\"https:\/\/www.bachmann-kunststoff-verpackungen.ch\/fr\/\"},{\"@type\":\"ListItem\",\"position\":2,\"name\":\"Comp\u00e9tences\",\"item\":\"https:\/\/www.bachmann-kunststoff-verpackungen.ch\/fr\/competences\/\"},{\"@type\":\"ListItem\",\"position\":3,\"name\":\"Case Study\"}]},{\"@type\":\"WebSite\",\"@id\":\"https:\/\/www.bachmann-kunststoff-verpackungen.ch\/#website\",\"url\":\"https:\/\/www.bachmann-kunststoff-verpackungen.ch\/\",\"name\":\"BACHMANN FORMING AG\",\"description\":\"\",\"potentialAction\":[{\"@type\":\"SearchAction\",\"target\":{\"@type\":\"EntryPoint\",\"urlTemplate\":\"https:\/\/www.bachmann-kunststoff-verpackungen.ch\/?s={search_term_string}\"},\"query-input\":{\"@type\":\"PropertyValueSpecification\",\"valueRequired\":true,\"valueName\":\"search_term_string\"}}],\"inLanguage\":\"fr-FR\"}]}<\/script>\n<!-- \/ Yoast SEO plugin. -->","yoast_head_json":{"title":"Case Study - BACHMANN FORMING AG","robots":{"index":"index","follow":"follow","max-snippet":"max-snippet:-1","max-image-preview":"max-image-preview:large","max-video-preview":"max-video-preview:-1"},"canonical":"https:\/\/www.bachmann-kunststoff-verpackungen.ch\/fr\/competences\/case-study\/","og_locale":"fr_FR","og_type":"article","og_title":"Case Study - BACHMANN FORMING AG","og_description":"D\u00e9veloppement","og_url":"https:\/\/www.bachmann-kunststoff-verpackungen.ch\/fr\/competences\/case-study\/","og_site_name":"BACHMANN FORMING AG","article_modified_time":"2021-04-01T14:17:51+00:00","og_image":[{"width":970,"height":546,"url":"https:\/\/www.bachmann-kunststoff-verpackungen.ch\/wp-content\/uploads\/sites\/2\/forming_kompetenz_entwicklung.jpg","type":"image\/jpeg"}],"twitter_card":"summary_large_image","twitter_misc":{"Dur\u00e9e de lecture estim\u00e9e":"1 minute"},"schema":{"@context":"https:\/\/schema.org","@graph":[{"@type":"WebPage","@id":"https:\/\/www.bachmann-kunststoff-verpackungen.ch\/fr\/competences\/case-study\/","url":"https:\/\/www.bachmann-kunststoff-verpackungen.ch\/fr\/competences\/case-study\/","name":"Case Study - BACHMANN FORMING AG","isPartOf":{"@id":"https:\/\/www.bachmann-kunststoff-verpackungen.ch\/#website"},"primaryImageOfPage":{"@id":"https:\/\/www.bachmann-kunststoff-verpackungen.ch\/fr\/competences\/case-study\/#primaryimage"},"image":{"@id":"https:\/\/www.bachmann-kunststoff-verpackungen.ch\/fr\/competences\/case-study\/#primaryimage"},"thumbnailUrl":"https:\/\/www.bachmann-kunststoff-verpackungen.ch\/wp-content\/uploads\/sites\/2\/forming_kompetenz_entwicklung.jpg","datePublished":"2020-09-30T09:04:27+00:00","dateModified":"2021-04-01T14:17:51+00:00","breadcrumb":{"@id":"https:\/\/www.bachmann-kunststoff-verpackungen.ch\/fr\/competences\/case-study\/#breadcrumb"},"inLanguage":"fr-FR","potentialAction":[{"@type":"ReadAction","target":["https:\/\/www.bachmann-kunststoff-verpackungen.ch\/fr\/competences\/case-study\/"]}]},{"@type":"ImageObject","inLanguage":"fr-FR","@id":"https:\/\/www.bachmann-kunststoff-verpackungen.ch\/fr\/competences\/case-study\/#primaryimage","url":"https:\/\/www.bachmann-kunststoff-verpackungen.ch\/wp-content\/uploads\/sites\/2\/forming_kompetenz_entwicklung.jpg","contentUrl":"https:\/\/www.bachmann-kunststoff-verpackungen.ch\/wp-content\/uploads\/sites\/2\/forming_kompetenz_entwicklung.jpg","width":970,"height":546},{"@type":"BreadcrumbList","@id":"https:\/\/www.bachmann-kunststoff-verpackungen.ch\/fr\/competences\/case-study\/#breadcrumb","itemListElement":[{"@type":"ListItem","position":1,"name":"Home","item":"https:\/\/www.bachmann-kunststoff-verpackungen.ch\/fr\/"},{"@type":"ListItem","position":2,"name":"Comp\u00e9tences","item":"https:\/\/www.bachmann-kunststoff-verpackungen.ch\/fr\/competences\/"},{"@type":"ListItem","position":3,"name":"Case Study"}]},{"@type":"WebSite","@id":"https:\/\/www.bachmann-kunststoff-verpackungen.ch\/#website","url":"https:\/\/www.bachmann-kunststoff-verpackungen.ch\/","name":"BACHMANN FORMING AG","description":"","potentialAction":[{"@type":"SearchAction","target":{"@type":"EntryPoint","urlTemplate":"https:\/\/www.bachmann-kunststoff-verpackungen.ch\/?s={search_term_string}"},"query-input":{"@type":"PropertyValueSpecification","valueRequired":true,"valueName":"search_term_string"}}],"inLanguage":"fr-FR"}]}},"_links":{"self":[{"href":"https:\/\/www.bachmann-kunststoff-verpackungen.ch\/fr\/wp-json\/wp\/v2\/pages\/1328","targetHints":{"allow":["GET"]}}],"collection":[{"href":"https:\/\/www.bachmann-kunststoff-verpackungen.ch\/fr\/wp-json\/wp\/v2\/pages"}],"about":[{"href":"https:\/\/www.bachmann-kunststoff-verpackungen.ch\/fr\/wp-json\/wp\/v2\/types\/page"}],"author":[{"embeddable":true,"href":"https:\/\/www.bachmann-kunststoff-verpackungen.ch\/fr\/wp-json\/wp\/v2\/users\/1"}],"replies":[{"embeddable":true,"href":"https:\/\/www.bachmann-kunststoff-verpackungen.ch\/fr\/wp-json\/wp\/v2\/comments?post=1328"}],"version-history":[{"count":10,"href":"https:\/\/www.bachmann-kunststoff-verpackungen.ch\/fr\/wp-json\/wp\/v2\/pages\/1328\/revisions"}],"predecessor-version":[{"id":1675,"href":"https:\/\/www.bachmann-kunststoff-verpackungen.ch\/fr\/wp-json\/wp\/v2\/pages\/1328\/revisions\/1675"}],"up":[{"embeddable":true,"href":"https:\/\/www.bachmann-kunststoff-verpackungen.ch\/fr\/wp-json\/wp\/v2\/pages\/1306"}],"wp:featuredmedia":[{"embeddable":true,"href":"https:\/\/www.bachmann-kunststoff-verpackungen.ch\/fr\/wp-json\/wp\/v2\/media\/668"}],"wp:attachment":[{"href":"https:\/\/www.bachmann-kunststoff-verpackungen.ch\/fr\/wp-json\/wp\/v2\/media?parent=1328"}],"curies":[{"name":"wp","href":"https:\/\/api.w.org\/{rel}","templated":true}]}}