{"id":2015,"date":"2021-05-28T10:49:33","date_gmt":"2021-05-28T08:49:33","guid":{"rendered":"https:\/\/www.bachmann-kunststoff-verpackungen.ch\/?page_id=2015"},"modified":"2021-05-28T10:49:33","modified_gmt":"2021-05-28T08:49:33","slug":"paper","status":"publish","type":"page","link":"https:\/\/www.bachmann-kunststoff-verpackungen.ch\/fr\/produits\/paper\/","title":{"rendered":"PAPER"},"content":{"rendered":"<div id=\"pl-2015\"  class=\"panel-layout\" ><div id=\"pg-2015-0\"  class=\"panel-grid panel-has-style\" ><div data-iw-animation-delay=\"\" data-iw-animation-position=\"\" class=\"panel-row-style panel-row-style-for-2015-0\" ><div id=\"pgc-2015-0-0\"  class=\"panel-grid-cell\" ><div id=\"panel-2015-0-0-0\" class=\"so-panel widget widget_sow-editor panel-first-child panel-last-child\" data-index=\"0\" ><div data-iw-animation-delay=\"\" data-iw-animation-position=\"\" class=\"panel-widget-style panel-widget-style-for-2015-0-0-0\" ><div\n\t\t\t\n\t\t\tclass=\"so-widget-sow-editor so-widget-sow-editor-base\"\n\t\t\t\n\t\t>\n<div class=\"siteorigin-widget-tinymce textwidget\">\n\t<p>Le Paper-Tray ou nos plateaux Second Skin sont disponibles en diff\u00e9rents mod\u00e8les. Selon vos besoins, le film plastique fin peut \u00eatre combin\u00e9 partiellement ou totalement avec un carton imprim\u00e9. L'emballage est s\u00e9parable sans r\u00e9sidus et peut \u00eatre recycl\u00e9 \u00e0 100%.<\/p>\n<\/div>\n<\/div><\/div><\/div><\/div><\/div><\/div><\/div>","protected":false},"excerpt":{"rendered":"<p>Le carton imprim\u00e9 associ\u00e9 \u00e0 un film plastique fin offre la solution d&#8217;emballage parfaite pour votre produit.<\/p>\n","protected":false},"author":11,"featured_media":2018,"parent":1296,"menu_order":36,"comment_status":"closed","ping_status":"closed","template":"page-produktdetail.php","meta":{"footnotes":""},"class_list":["post-2015","page","type-page","status-publish","has-post-thumbnail","hentry"],"yoast_head":"<!-- This site is optimized with the Yoast SEO plugin v25.9 - https:\/\/yoast.com\/wordpress\/plugins\/seo\/ -->\n<title>PAPER - BACHMANN FORMING AG<\/title>\n<meta name=\"robots\" content=\"index, follow, max-snippet:-1, max-image-preview:large, max-video-preview:-1\" \/>\n<link rel=\"canonical\" href=\"https:\/\/www.bachmann-kunststoff-verpackungen.ch\/fr\/produits\/paper\/\" \/>\n<meta property=\"og:locale\" content=\"fr_FR\" \/>\n<meta property=\"og:type\" content=\"article\" \/>\n<meta property=\"og:title\" content=\"PAPER - BACHMANN FORMING AG\" \/>\n<meta property=\"og:description\" content=\"Le carton imprim\u00e9 associ\u00e9 \u00e0 un film plastique fin offre la solution d&#039;emballage parfaite pour votre produit.\" \/>\n<meta property=\"og:url\" content=\"https:\/\/www.bachmann-kunststoff-verpackungen.ch\/fr\/produits\/paper\/\" \/>\n<meta property=\"og:site_name\" content=\"BACHMANN FORMING AG\" \/>\n<meta property=\"og:image\" content=\"https:\/\/www.bachmann-kunststoff-verpackungen.ch\/wp-content\/uploads\/sites\/2\/Produkte_Headerbild-Paper.jpg\" \/>\n\t<meta property=\"og:image:width\" content=\"2000\" \/>\n\t<meta property=\"og:image:height\" content=\"521\" \/>\n\t<meta property=\"og:image:type\" content=\"image\/jpeg\" \/>\n<meta name=\"twitter:card\" content=\"summary_large_image\" \/>\n<script type=\"application\/ld+json\" class=\"yoast-schema-graph\">{\"@context\":\"https:\/\/schema.org\",\"@graph\":[{\"@type\":\"WebPage\",\"@id\":\"https:\/\/www.bachmann-kunststoff-verpackungen.ch\/fr\/produits\/paper\/\",\"url\":\"https:\/\/www.bachmann-kunststoff-verpackungen.ch\/fr\/produits\/paper\/\",\"name\":\"PAPER - BACHMANN FORMING AG\",\"isPartOf\":{\"@id\":\"https:\/\/www.bachmann-kunststoff-verpackungen.ch\/#website\"},\"primaryImageOfPage\":{\"@id\":\"https:\/\/www.bachmann-kunststoff-verpackungen.ch\/fr\/produits\/paper\/#primaryimage\"},\"image\":{\"@id\":\"https:\/\/www.bachmann-kunststoff-verpackungen.ch\/fr\/produits\/paper\/#primaryimage\"},\"thumbnailUrl\":\"https:\/\/www.bachmann-kunststoff-verpackungen.ch\/wp-content\/uploads\/sites\/2\/Produkte_Headerbild-Paper.jpg\",\"datePublished\":\"2021-05-28T08:49:33+00:00\",\"breadcrumb\":{\"@id\":\"https:\/\/www.bachmann-kunststoff-verpackungen.ch\/fr\/produits\/paper\/#breadcrumb\"},\"inLanguage\":\"fr-FR\",\"potentialAction\":[{\"@type\":\"ReadAction\",\"target\":[\"https:\/\/www.bachmann-kunststoff-verpackungen.ch\/fr\/produits\/paper\/\"]}]},{\"@type\":\"ImageObject\",\"inLanguage\":\"fr-FR\",\"@id\":\"https:\/\/www.bachmann-kunststoff-verpackungen.ch\/fr\/produits\/paper\/#primaryimage\",\"url\":\"https:\/\/www.bachmann-kunststoff-verpackungen.ch\/wp-content\/uploads\/sites\/2\/Produkte_Headerbild-Paper.jpg\",\"contentUrl\":\"https:\/\/www.bachmann-kunststoff-verpackungen.ch\/wp-content\/uploads\/sites\/2\/Produkte_Headerbild-Paper.jpg\",\"width\":2000,\"height\":521,\"caption\":\"Paper Packaging\"},{\"@type\":\"BreadcrumbList\",\"@id\":\"https:\/\/www.bachmann-kunststoff-verpackungen.ch\/fr\/produits\/paper\/#breadcrumb\",\"itemListElement\":[{\"@type\":\"ListItem\",\"position\":1,\"name\":\"Home\",\"item\":\"https:\/\/www.bachmann-kunststoff-verpackungen.ch\/fr\/\"},{\"@type\":\"ListItem\",\"position\":2,\"name\":\"Produits\",\"item\":\"https:\/\/www.bachmann-kunststoff-verpackungen.ch\/fr\/produits\/\"},{\"@type\":\"ListItem\",\"position\":3,\"name\":\"PAPER\"}]},{\"@type\":\"WebSite\",\"@id\":\"https:\/\/www.bachmann-kunststoff-verpackungen.ch\/#website\",\"url\":\"https:\/\/www.bachmann-kunststoff-verpackungen.ch\/\",\"name\":\"BACHMANN FORMING AG\",\"description\":\"\",\"potentialAction\":[{\"@type\":\"SearchAction\",\"target\":{\"@type\":\"EntryPoint\",\"urlTemplate\":\"https:\/\/www.bachmann-kunststoff-verpackungen.ch\/?s={search_term_string}\"},\"query-input\":{\"@type\":\"PropertyValueSpecification\",\"valueRequired\":true,\"valueName\":\"search_term_string\"}}],\"inLanguage\":\"fr-FR\"}]}<\/script>\n<!-- \/ Yoast SEO plugin. -->","yoast_head_json":{"title":"PAPER - BACHMANN FORMING AG","robots":{"index":"index","follow":"follow","max-snippet":"max-snippet:-1","max-image-preview":"max-image-preview:large","max-video-preview":"max-video-preview:-1"},"canonical":"https:\/\/www.bachmann-kunststoff-verpackungen.ch\/fr\/produits\/paper\/","og_locale":"fr_FR","og_type":"article","og_title":"PAPER - BACHMANN FORMING AG","og_description":"Le carton imprim\u00e9 associ\u00e9 \u00e0 un film plastique fin offre la solution d'emballage parfaite pour votre produit.","og_url":"https:\/\/www.bachmann-kunststoff-verpackungen.ch\/fr\/produits\/paper\/","og_site_name":"BACHMANN FORMING AG","og_image":[{"width":2000,"height":521,"url":"https:\/\/www.bachmann-kunststoff-verpackungen.ch\/wp-content\/uploads\/sites\/2\/Produkte_Headerbild-Paper.jpg","type":"image\/jpeg"}],"twitter_card":"summary_large_image","schema":{"@context":"https:\/\/schema.org","@graph":[{"@type":"WebPage","@id":"https:\/\/www.bachmann-kunststoff-verpackungen.ch\/fr\/produits\/paper\/","url":"https:\/\/www.bachmann-kunststoff-verpackungen.ch\/fr\/produits\/paper\/","name":"PAPER - BACHMANN FORMING AG","isPartOf":{"@id":"https:\/\/www.bachmann-kunststoff-verpackungen.ch\/#website"},"primaryImageOfPage":{"@id":"https:\/\/www.bachmann-kunststoff-verpackungen.ch\/fr\/produits\/paper\/#primaryimage"},"image":{"@id":"https:\/\/www.bachmann-kunststoff-verpackungen.ch\/fr\/produits\/paper\/#primaryimage"},"thumbnailUrl":"https:\/\/www.bachmann-kunststoff-verpackungen.ch\/wp-content\/uploads\/sites\/2\/Produkte_Headerbild-Paper.jpg","datePublished":"2021-05-28T08:49:33+00:00","breadcrumb":{"@id":"https:\/\/www.bachmann-kunststoff-verpackungen.ch\/fr\/produits\/paper\/#breadcrumb"},"inLanguage":"fr-FR","potentialAction":[{"@type":"ReadAction","target":["https:\/\/www.bachmann-kunststoff-verpackungen.ch\/fr\/produits\/paper\/"]}]},{"@type":"ImageObject","inLanguage":"fr-FR","@id":"https:\/\/www.bachmann-kunststoff-verpackungen.ch\/fr\/produits\/paper\/#primaryimage","url":"https:\/\/www.bachmann-kunststoff-verpackungen.ch\/wp-content\/uploads\/sites\/2\/Produkte_Headerbild-Paper.jpg","contentUrl":"https:\/\/www.bachmann-kunststoff-verpackungen.ch\/wp-content\/uploads\/sites\/2\/Produkte_Headerbild-Paper.jpg","width":2000,"height":521,"caption":"Paper Packaging"},{"@type":"BreadcrumbList","@id":"https:\/\/www.bachmann-kunststoff-verpackungen.ch\/fr\/produits\/paper\/#breadcrumb","itemListElement":[{"@type":"ListItem","position":1,"name":"Home","item":"https:\/\/www.bachmann-kunststoff-verpackungen.ch\/fr\/"},{"@type":"ListItem","position":2,"name":"Produits","item":"https:\/\/www.bachmann-kunststoff-verpackungen.ch\/fr\/produits\/"},{"@type":"ListItem","position":3,"name":"PAPER"}]},{"@type":"WebSite","@id":"https:\/\/www.bachmann-kunststoff-verpackungen.ch\/#website","url":"https:\/\/www.bachmann-kunststoff-verpackungen.ch\/","name":"BACHMANN FORMING AG","description":"","potentialAction":[{"@type":"SearchAction","target":{"@type":"EntryPoint","urlTemplate":"https:\/\/www.bachmann-kunststoff-verpackungen.ch\/?s={search_term_string}"},"query-input":{"@type":"PropertyValueSpecification","valueRequired":true,"valueName":"search_term_string"}}],"inLanguage":"fr-FR"}]}},"_links":{"self":[{"href":"https:\/\/www.bachmann-kunststoff-verpackungen.ch\/fr\/wp-json\/wp\/v2\/pages\/2015","targetHints":{"allow":["GET"]}}],"collection":[{"href":"https:\/\/www.bachmann-kunststoff-verpackungen.ch\/fr\/wp-json\/wp\/v2\/pages"}],"about":[{"href":"https:\/\/www.bachmann-kunststoff-verpackungen.ch\/fr\/wp-json\/wp\/v2\/types\/page"}],"author":[{"embeddable":true,"href":"https:\/\/www.bachmann-kunststoff-verpackungen.ch\/fr\/wp-json\/wp\/v2\/users\/11"}],"replies":[{"embeddable":true,"href":"https:\/\/www.bachmann-kunststoff-verpackungen.ch\/fr\/wp-json\/wp\/v2\/comments?post=2015"}],"version-history":[{"count":3,"href":"https:\/\/www.bachmann-kunststoff-verpackungen.ch\/fr\/wp-json\/wp\/v2\/pages\/2015\/revisions"}],"predecessor-version":[{"id":2289,"href":"https:\/\/www.bachmann-kunststoff-verpackungen.ch\/fr\/wp-json\/wp\/v2\/pages\/2015\/revisions\/2289"}],"up":[{"embeddable":true,"href":"https:\/\/www.bachmann-kunststoff-verpackungen.ch\/fr\/wp-json\/wp\/v2\/pages\/1296"}],"wp:featuredmedia":[{"embeddable":true,"href":"https:\/\/www.bachmann-kunststoff-verpackungen.ch\/fr\/wp-json\/wp\/v2\/media\/2018"}],"wp:attachment":[{"href":"https:\/\/www.bachmann-kunststoff-verpackungen.ch\/fr\/wp-json\/wp\/v2\/media?parent=2015"}],"curies":[{"name":"wp","href":"https:\/\/api.w.org\/{rel}","templated":true}]}}